{"id":6906,"date":"2021-07-20T11:47:38","date_gmt":"2021-07-20T09:47:38","guid":{"rendered":"https:\/\/www.mvz-wiesloch.de\/sorumluluk-reddi\/"},"modified":"2021-08-27T15:04:30","modified_gmt":"2021-08-27T13:04:30","slug":"sorumluluk-reddi","status":"publish","type":"page","link":"https:\/\/www.mvz-wiesloch.de\/tr\/sorumluluk-reddi\/","title":{"rendered":"sorumluluk reddi"},"content":{"rendered":"\t\t<div data-elementor-type=\"wp-page\" data-elementor-id=\"6906\" class=\"elementor elementor-6906 elementor-3214\" data-elementor-post-type=\"page\">\n\t\t\t\t\t\t<section class=\"elementor-section elementor-top-section elementor-element elementor-element-2d186352 elementor-section-height-min-height elementor-section-boxed elementor-section-height-default elementor-section-items-middle\" data-id=\"2d186352\" data-element_type=\"section\" data-e-type=\"section\" data-settings=\"{&quot;background_background&quot;:&quot;classic&quot;}\">\n\t\t\t\t\t\t\t<div class=\"elementor-background-overlay\"><\/div>\n\t\t\t\t\t\t\t<div class=\"elementor-container elementor-column-gap-default\">\n\t\t\t\t\t<div class=\"elementor-column elementor-col-100 elementor-top-column elementor-element elementor-element-6711fb5f\" data-id=\"6711fb5f\" data-element_type=\"column\" data-e-type=\"column\">\n\t\t\t<div class=\"elementor-widget-wrap elementor-element-populated\">\n\t\t\t\t\t\t<div class=\"elementor-element elementor-element-35c61ff4 elementor-widget elementor-widget-heading\" data-id=\"35c61ff4\" data-element_type=\"widget\" data-e-type=\"widget\" data-widget_type=\"heading.default\">\n\t\t\t\t<div class=\"elementor-widget-container\">\n\t\t\t\t\t<h1 class=\"elementor-heading-title elementor-size-default\">sorumluluk reddi\n<\/h1>\t\t\t\t<\/div>\n\t\t\t\t<\/div>\n\t\t\t\t\t<\/div>\n\t\t<\/div>\n\t\t\t\t\t<\/div>\n\t\t<\/section>\n\t\t\t\t<section class=\"elementor-section elementor-top-section elementor-element elementor-element-10a5b973 elementor-section-boxed elementor-section-height-default elementor-section-height-default\" data-id=\"10a5b973\" data-element_type=\"section\" data-e-type=\"section\">\n\t\t\t\t\t\t<div class=\"elementor-container elementor-column-gap-default\">\n\t\t\t\t\t<div class=\"elementor-column elementor-col-100 elementor-top-column elementor-element elementor-element-1879efd\" data-id=\"1879efd\" data-element_type=\"column\" data-e-type=\"column\">\n\t\t\t<div class=\"elementor-widget-wrap elementor-element-populated\">\n\t\t\t\t\t\t<div class=\"elementor-element elementor-element-37b7d3bc elementor-widget elementor-widget-spacer\" data-id=\"37b7d3bc\" data-element_type=\"widget\" data-e-type=\"widget\" data-widget_type=\"spacer.default\">\n\t\t\t\t<div class=\"elementor-widget-container\">\n\t\t\t\t\t\t\t<div class=\"elementor-spacer\">\n\t\t\t<div class=\"elementor-spacer-inner\"><\/div>\n\t\t<\/div>\n\t\t\t\t\t\t<\/div>\n\t\t\t\t<\/div>\n\t\t\t\t<div class=\"elementor-element elementor-element-30ba6be3 elementor-widget elementor-widget-heading\" data-id=\"30ba6be3\" data-element_type=\"widget\" data-e-type=\"widget\" data-widget_type=\"heading.default\">\n\t\t\t\t<div class=\"elementor-widget-container\">\n\t\t\t\t\t<h2 class=\"elementor-heading-title elementor-size-default\">\u0130\u00e7erik i\u00e7in sorumluluk\n\n<\/h2>\t\t\t\t<\/div>\n\t\t\t\t<\/div>\n\t\t\t\t<div class=\"elementor-element elementor-element-8f569ad elementor-widget elementor-widget-text-editor\" data-id=\"8f569ad\" data-element_type=\"widget\" data-e-type=\"widget\" data-widget_type=\"text-editor.default\">\n\t\t\t\t<div class=\"elementor-widget-container\">\n\t\t\t\t\t\t\t\t\t<p>Bir hizmet sa\u011flay\u0131c\u0131 olarak, B\u00f6l\u00fcm 7 (1)&#8217;e uygunuz TMG, bu sayfalardaki kendi i\u00e7eri\u011finden genel hukuka g\u00f6re sorumludur. \u00a7\u00a7 8 ila 10 TMG&#8217;ye g\u00f6re, bir hizmet sa\u011flay\u0131c\u0131 olarak, iletilen veya saklanan \u00fc\u00e7\u00fcnc\u00fc taraf bilgilerini izlemek veya yasa d\u0131\u015f\u0131 faaliyete i\u015faret eden durumlar\u0131 ara\u015ft\u0131rmakla y\u00fck\u00fcml\u00fc de\u011filiz. Genel yasalara g\u00f6re bilgilerin kullan\u0131m\u0131n\u0131 kald\u0131rma veya engelleme y\u00fck\u00fcml\u00fcl\u00fckleri etkilenmez. Bu konudaki sorumluluk ancak belirli bir yasal ihlalin fark\u0131na vard\u0131\u011f\u0131m\u0131z andan itibaren m\u00fcmk\u00fcnd\u00fcr. Bu t\u00fcr yasal ihlallerin fark\u0131na var\u0131r varmaz bu i\u00e7eri\u011fi derhal kald\u0131raca\u011f\u0131z.<\/p>\n\t\t\t\t\t\t\t\t<\/div>\n\t\t\t\t<\/div>\n\t\t\t\t<div class=\"elementor-element elementor-element-1bbd9873 elementor-widget elementor-widget-heading\" data-id=\"1bbd9873\" data-element_type=\"widget\" data-e-type=\"widget\" data-widget_type=\"heading.default\">\n\t\t\t\t<div class=\"elementor-widget-container\">\n\t\t\t\t\t<h2 class=\"elementor-heading-title elementor-size-default\">Ba\u011flant\u0131lar i\u00e7in sorumluluk\n\n<\/h2>\t\t\t\t<\/div>\n\t\t\t\t<\/div>\n\t\t\t\t<div class=\"elementor-element elementor-element-188a54b3 elementor-widget elementor-widget-text-editor\" data-id=\"188a54b3\" data-element_type=\"widget\" data-e-type=\"widget\" data-widget_type=\"text-editor.default\">\n\t\t\t\t<div class=\"elementor-widget-container\">\n\t\t\t\t\t\t\t\t\t<p>Teklifimiz, i\u00e7eri\u011fi \u00fczerinde hi\u00e7bir etkimiz olmayan harici \u00fc\u00e7\u00fcnc\u00fc taraf web sitelerine ba\u011flant\u0131lar i\u00e7ermektedir. Bu nedenle, bu \u00fc\u00e7\u00fcnc\u00fc taraf i\u00e7eri\u011fi i\u00e7in herhangi bir sorumluluk kabul edemeyiz. Sayfalar\u0131n ilgili sa\u011flay\u0131c\u0131s\u0131 veya operat\u00f6r\u00fc, ba\u011flant\u0131l\u0131 sayfalar\u0131n i\u00e7eri\u011finden her zaman sorumludur. Ba\u011flant\u0131l\u0131 sayfalar, ba\u011flant\u0131 verildi\u011fi anda olas\u0131 yasal ihlallere kar\u015f\u0131 kontrol edildi. Ba\u011flant\u0131n\u0131n olu\u015fturuldu\u011fu s\u0131rada yasa d\u0131\u015f\u0131 i\u00e7erik bulunamad\u0131. Ba\u011flant\u0131l\u0131 sayfalar\u0131n i\u00e7eri\u011finin s\u00fcrekli olarak izlenmesi, somut bir yasa ihlali kan\u0131t\u0131 olmadan makul de\u011fildir. Yasal ihlallerin fark\u0131na var\u0131r varmaz bu t\u00fcr ba\u011flant\u0131lar\u0131 derhal kald\u0131raca\u011f\u0131z.<\/p>\n\t\t\t\t\t\t\t\t<\/div>\n\t\t\t\t<\/div>\n\t\t\t\t<div class=\"elementor-element elementor-element-1187c4d9 elementor-widget elementor-widget-heading\" data-id=\"1187c4d9\" data-element_type=\"widget\" data-e-type=\"widget\" data-widget_type=\"heading.default\">\n\t\t\t\t<div class=\"elementor-widget-container\">\n\t\t\t\t\t<h2 class=\"elementor-heading-title elementor-size-default\">telif hakk\u0131\n\n<\/h2>\t\t\t\t<\/div>\n\t\t\t\t<\/div>\n\t\t\t\t<div class=\"elementor-element elementor-element-701b5c6 elementor-widget elementor-widget-text-editor\" data-id=\"701b5c6\" data-element_type=\"widget\" data-e-type=\"widget\" data-widget_type=\"text-editor.default\">\n\t\t\t\t<div class=\"elementor-widget-container\">\n\t\t\t\t\t\t\t\t\t<div id=\"main-content\">\n<div id=\"main\" class=\"wpv-main layout-left-only\" role=\"main\">\n<div class=\"limit-wrapper\">\n<div class=\"row page-wrapper\">\n<article id=\"post-8962\" class=\"left-only post-8962 page type-page status-publish\">\n<div class=\"page-content\">\n<p>Web sitesi operat\u00f6r\u00fc taraf\u0131ndan olu\u015fturulan bu sayfalardaki i\u00e7erik ve eserler, Alman telif hakk\u0131 yasas\u0131na tabidir. Telif hakk\u0131 yasas\u0131n\u0131n s\u0131n\u0131rlar\u0131 d\u0131\u015f\u0131nda \u00e7o\u011falt\u0131lmas\u0131, i\u015flenmesi, da\u011f\u0131t\u0131lmas\u0131 ve her t\u00fcrl\u00fc istismar, ilgili yazar\u0131n veya yarat\u0131c\u0131n\u0131n yaz\u0131l\u0131 onay\u0131n\u0131 gerektirir. Bu web sitesinin indirilmesine ve kopyalar\u0131na yaln\u0131zca \u00f6zel, ticari olmayan kullan\u0131m i\u00e7in izin verilir. Bu sitedeki i\u00e7erikler i\u015fletmeci taraf\u0131ndan olu\u015fturulmad\u0131\u011f\u0131 i\u00e7in \u00fc\u00e7\u00fcnc\u00fc \u015fah\u0131slar\u0131n telif haklar\u0131 g\u00f6zetilmektedir. \u00d6zellikle \u00fc\u00e7\u00fcnc\u00fc \u015fah\u0131slar\u0131n i\u00e7erikleri bu \u015fekilde i\u015faretlenmi\u015ftir. Yine de bir telif hakk\u0131 ihlalinden haberdar olursan\u0131z, bizi buna g\u00f6re bilgilendirmenizi rica ederiz. Yasal ihlallerin fark\u0131na var\u0131r varmaz, bu t\u00fcr i\u00e7erikleri derhal kald\u0131raca\u011f\u0131z.<\/p>\n<\/div>\n<\/article>\n<\/div>\n<\/div>\n<\/div>\n<\/div>\n<footer class=\"main-footer\">\n<div class=\"footer-sidebars-wrapper\">\n<div id=\"footer-sidebars\" data-rows=\"5\">\n<div class=\"row\" data-num=\"0\"> <\/div>\n<\/div>\n<\/div>\n<\/footer>\n\t\t\t\t\t\t\t\t<\/div>\n\t\t\t\t<\/div>\n\t\t\t\t<div class=\"elementor-element elementor-element-19a6598e elementor-widget elementor-widget-spacer\" data-id=\"19a6598e\" data-element_type=\"widget\" data-e-type=\"widget\" data-widget_type=\"spacer.default\">\n\t\t\t\t<div class=\"elementor-widget-container\">\n\t\t\t\t\t\t\t<div class=\"elementor-spacer\">\n\t\t\t<div class=\"elementor-spacer-inner\"><\/div>\n\t\t<\/div>\n\t\t\t\t\t\t<\/div>\n\t\t\t\t<\/div>\n\t\t\t\t\t<\/div>\n\t\t<\/div>\n\t\t\t\t\t<\/div>\n\t\t<\/section>\n\t\t\t\t<\/div>\n\t\t","protected":false},"excerpt":{"rendered":"<p>sorumluluk reddi \u0130\u00e7erik i\u00e7in sorumluluk Bir hizmet sa\u011flay\u0131c\u0131 olarak, B\u00f6l\u00fcm 7 (1)&#8217;e uygunuz TMG, bu sayfalardaki kendi i\u00e7eri\u011finden genel hukuka g\u00f6re sorumludur. \u00a7\u00a7 8 ila 10 TMG&#8217;ye g\u00f6re, bir hizmet sa\u011flay\u0131c\u0131 olarak, iletilen veya saklanan \u00fc\u00e7\u00fcnc\u00fc taraf bilgilerini izlemek veya yasa d\u0131\u015f\u0131 faaliyete i\u015faret eden durumlar\u0131 ara\u015ft\u0131rmakla y\u00fck\u00fcml\u00fc de\u011filiz. Genel yasalara g\u00f6re bilgilerin kullan\u0131m\u0131n\u0131 kald\u0131rma [&hellip;]<\/p>\n","protected":false},"author":1,"featured_media":0,"parent":0,"menu_order":0,"comment_status":"closed","ping_status":"closed","template":"elementor_header_footer","meta":{"inline_featured_image":false,"site-sidebar-layout":"no-sidebar","site-content-layout":"page-builder","ast-site-content-layout":"default","site-content-style":"default","site-sidebar-style":"default","ast-global-header-display":"","ast-banner-title-visibility":"","ast-main-header-display":"","ast-hfb-above-header-display":"","ast-hfb-below-header-display":"","ast-hfb-mobile-header-display":"","site-post-title":"disabled","ast-breadcrumbs-content":"disabled","ast-featured-img":"disabled","footer-sml-layout":"","ast-disable-related-posts":"","theme-transparent-header-meta":"default","adv-header-id-meta":"","stick-header-meta":"","header-above-stick-meta":"","header-main-stick-meta":"","header-below-stick-meta":"","astra-migrate-meta-layouts":"default","ast-page-background-enabled":"default","ast-page-background-meta":{"desktop":{"background-color":"","background-image":"","background-repeat":"repeat","background-position":"center center","background-size":"auto","background-attachment":"scroll","background-type":"","background-media":"","overlay-type":"","overlay-color":"","overlay-opacity":"","overlay-gradient":""},"tablet":{"background-color":"","background-image":"","background-repeat":"repeat","background-position":"center center","background-size":"auto","background-attachment":"scroll","background-type":"","background-media":"","overlay-type":"","overlay-color":"","overlay-opacity":"","overlay-gradient":""},"mobile":{"background-color":"","background-image":"","background-repeat":"repeat","background-position":"center center","background-size":"auto","background-attachment":"scroll","background-type":"","background-media":"","overlay-type":"","overlay-color":"","overlay-opacity":"","overlay-gradient":""}},"ast-content-background-meta":{"desktop":{"background-color":"var(--ast-global-color-5)","background-image":"","background-repeat":"repeat","background-position":"center center","background-size":"auto","background-attachment":"scroll","background-type":"","background-media":"","overlay-type":"","overlay-color":"","overlay-opacity":"","overlay-gradient":""},"tablet":{"background-color":"var(--ast-global-color-5)","background-image":"","background-repeat":"repeat","background-position":"center center","background-size":"auto","background-attachment":"scroll","background-type":"","background-media":"","overlay-type":"","overlay-color":"","overlay-opacity":"","overlay-gradient":""},"mobile":{"background-color":"var(--ast-global-color-5)","background-image":"","background-repeat":"repeat","background-position":"center center","background-size":"auto","background-attachment":"scroll","background-type":"","background-media":"","overlay-type":"","overlay-color":"","overlay-opacity":"","overlay-gradient":""}},"footnotes":""},"class_list":["post-6906","page","type-page","status-publish","hentry"],"_links":{"self":[{"href":"https:\/\/www.mvz-wiesloch.de\/tr\/wp-json\/wp\/v2\/pages\/6906","targetHints":{"allow":["GET"]}}],"collection":[{"href":"https:\/\/www.mvz-wiesloch.de\/tr\/wp-json\/wp\/v2\/pages"}],"about":[{"href":"https:\/\/www.mvz-wiesloch.de\/tr\/wp-json\/wp\/v2\/types\/page"}],"author":[{"embeddable":true,"href":"https:\/\/www.mvz-wiesloch.de\/tr\/wp-json\/wp\/v2\/users\/1"}],"replies":[{"embeddable":true,"href":"https:\/\/www.mvz-wiesloch.de\/tr\/wp-json\/wp\/v2\/comments?post=6906"}],"version-history":[{"count":0,"href":"https:\/\/www.mvz-wiesloch.de\/tr\/wp-json\/wp\/v2\/pages\/6906\/revisions"}],"wp:attachment":[{"href":"https:\/\/www.mvz-wiesloch.de\/tr\/wp-json\/wp\/v2\/media?parent=6906"}],"curies":[{"name":"wp","href":"https:\/\/api.w.org\/{rel}","templated":true}]}}