{"id":6900,"date":"2021-07-20T11:47:35","date_gmt":"2021-07-20T09:47:35","guid":{"rendered":"https:\/\/www.mvz-wiesloch.de\/ambulans\/"},"modified":"2025-01-29T20:41:58","modified_gmt":"2025-01-29T19:41:58","slug":"ambulans","status":"publish","type":"page","link":"https:\/\/www.mvz-wiesloch.de\/tr\/ambulans\/","title":{"rendered":"ambulans"},"content":{"rendered":"\t\t<div data-elementor-type=\"wp-page\" data-elementor-id=\"6900\" class=\"elementor elementor-6900 elementor-3883\" data-elementor-post-type=\"page\">\n\t\t\t\t\t\t<section class=\"elementor-section elementor-top-section elementor-element elementor-element-84275d4 elementor-section-height-min-height elementor-section-boxed elementor-section-height-default elementor-section-items-middle\" data-id=\"84275d4\" data-element_type=\"section\" data-e-type=\"section\" data-settings=\"{&quot;background_background&quot;:&quot;classic&quot;}\">\n\t\t\t\t\t\t\t<div class=\"elementor-background-overlay\"><\/div>\n\t\t\t\t\t\t\t<div class=\"elementor-container elementor-column-gap-default\">\n\t\t\t\t\t<div class=\"elementor-column elementor-col-100 elementor-top-column elementor-element elementor-element-25306005\" data-id=\"25306005\" data-element_type=\"column\" data-e-type=\"column\">\n\t\t\t<div class=\"elementor-widget-wrap elementor-element-populated\">\n\t\t\t\t\t\t<div class=\"elementor-element elementor-element-46ac0d05 elementor-widget elementor-widget-heading\" data-id=\"46ac0d05\" data-element_type=\"widget\" data-e-type=\"widget\" data-widget_type=\"heading.default\">\n\t\t\t\t<div class=\"elementor-widget-container\">\n\t\t\t\t\t<h1 class=\"elementor-heading-title elementor-size-default\">AMBULANS<\/br> MVZ WIESLOCH'UN<\/h1>\t\t\t\t<\/div>\n\t\t\t\t<\/div>\n\t\t\t\t\t<\/div>\n\t\t<\/div>\n\t\t\t\t\t<\/div>\n\t\t<\/section>\n\t\t\t\t<section class=\"elementor-section elementor-top-section elementor-element elementor-element-5aa10cdb elementor-section-boxed elementor-section-height-default elementor-section-height-default\" data-id=\"5aa10cdb\" data-element_type=\"section\" data-e-type=\"section\">\n\t\t\t\t\t\t<div class=\"elementor-container elementor-column-gap-default\">\n\t\t\t\t\t<div class=\"elementor-column elementor-col-100 elementor-top-column elementor-element elementor-element-b7e560a\" data-id=\"b7e560a\" data-element_type=\"column\" data-e-type=\"column\">\n\t\t\t<div class=\"elementor-widget-wrap elementor-element-populated\">\n\t\t\t\t\t\t<div class=\"elementor-element elementor-element-5583fa90 elementor-widget elementor-widget-spacer\" data-id=\"5583fa90\" data-element_type=\"widget\" data-e-type=\"widget\" data-widget_type=\"spacer.default\">\n\t\t\t\t<div class=\"elementor-widget-container\">\n\t\t\t\t\t\t\t<div class=\"elementor-spacer\">\n\t\t\t<div class=\"elementor-spacer-inner\"><\/div>\n\t\t<\/div>\n\t\t\t\t\t\t<\/div>\n\t\t\t\t<\/div>\n\t\t\t\t<div class=\"elementor-element elementor-element-c4ed523 elementor-widget elementor-widget-heading\" data-id=\"c4ed523\" data-element_type=\"widget\" data-e-type=\"widget\" data-widget_type=\"heading.default\">\n\t\t\t\t<div class=\"elementor-widget-container\">\n\t\t\t\t\t<h2 class=\"elementor-heading-title elementor-size-default\">ZEM\u0130N KATTA OLAN AMBULANSIMIZDA A\u015eA\u011eIDAK\u0130 H\u0130ZMETLER\u0130 SUNMAKTAYIZ:<\/h2>\t\t\t\t<\/div>\n\t\t\t\t<\/div>\n\t\t\t\t<div class=\"elementor-element elementor-element-40532acb elementor-widget elementor-widget-text-editor\" data-id=\"40532acb\" data-element_type=\"widget\" data-e-type=\"widget\" data-widget_type=\"text-editor.default\">\n\t\t\t\t<div class=\"elementor-widget-container\">\n\t\t\t\t\t\t\t\t\t<ul>\n<li>Ambulans doktorlar\u0131 taraf\u0131ndan akut acil bak\u0131m<\/li>\n<li>Transfer yay\u0131nlama<\/li>\n<li>Toplamak&nbsp; laboratuvar sonu\u00e7lar\u0131 veya saklanan belgeler&nbsp;<\/li>\n<li>Marcumar\u00ae dozaj\u0131 i\u00e7in Quick \/ INR de\u011ferinin h\u0131zl\u0131 laboratuvar belirlemeleri<\/li>\n<li>G\u00f6r\u00fc\u015fme saatleri i\u00e7in randevular<\/li>\n<li>S\u0131navlar i\u00e7in Randevular<\/li>\n<\/ul>\t\t\t\t\t\t\t\t<\/div>\n\t\t\t\t<\/div>\n\t\t\t\t\t<\/div>\n\t\t<\/div>\n\t\t\t\t\t<\/div>\n\t\t<\/section>\n\t\t\t\t<section class=\"elementor-section elementor-top-section elementor-element elementor-element-9c39c46 elementor-section-boxed elementor-section-height-default elementor-section-height-default\" data-id=\"9c39c46\" data-element_type=\"section\" data-e-type=\"section\">\n\t\t\t\t\t\t<div class=\"elementor-container elementor-column-gap-default\">\n\t\t\t\t\t<div class=\"elementor-column elementor-col-100 elementor-top-column elementor-element elementor-element-df94545\" data-id=\"df94545\" data-element_type=\"column\" data-e-type=\"column\">\n\t\t\t<div class=\"elementor-widget-wrap elementor-element-populated\">\n\t\t\t\t\t\t<div class=\"elementor-element elementor-element-f096701 elementor-widget elementor-widget-spacer\" data-id=\"f096701\" data-element_type=\"widget\" data-e-type=\"widget\" data-widget_type=\"spacer.default\">\n\t\t\t\t<div class=\"elementor-widget-container\">\n\t\t\t\t\t\t\t<div class=\"elementor-spacer\">\n\t\t\t<div class=\"elementor-spacer-inner\"><\/div>\n\t\t<\/div>\n\t\t\t\t\t\t<\/div>\n\t\t\t\t<\/div>\n\t\t\t\t<div class=\"elementor-element elementor-element-15c7190 elementor-widget elementor-widget-heading\" data-id=\"15c7190\" data-element_type=\"widget\" data-e-type=\"widget\" data-widget_type=\"heading.default\">\n\t\t\t\t<div class=\"elementor-widget-container\">\n\t\t\t\t\t<h2 class=\"elementor-heading-title elementor-size-default\">\u0130LET\u0130\u015e\u0130M<\/h2>\t\t\t\t<\/div>\n\t\t\t\t<\/div>\n\t\t\t\t<div class=\"elementor-element elementor-element-d8ab286 elementor-icon-list--layout-traditional elementor-list-item-link-full_width elementor-widget elementor-widget-icon-list\" data-id=\"d8ab286\" data-element_type=\"widget\" data-e-type=\"widget\" data-widget_type=\"icon-list.default\">\n\t\t\t\t<div class=\"elementor-widget-container\">\n\t\t\t\t\t\t\t<ul class=\"elementor-icon-list-items\">\n\t\t\t\t\t\t\t<li class=\"elementor-icon-list-item\">\n\t\t\t\t\t\t\t\t\t\t\t<a href=\"tel:+496222%2093559-0\">\n\n\t\t\t\t\t\t\t\t\t\t\t\t<span class=\"elementor-icon-list-icon\">\n\t\t\t\t\t\t\t<i aria-hidden=\"true\" class=\"fas fa-phone-alt\"><\/i>\t\t\t\t\t\t<\/span>\n\t\t\t\t\t\t\t\t\t\t<span class=\"elementor-icon-list-text\">06222 93559-0<\/span>\n\t\t\t\t\t\t\t\t\t\t\t<\/a>\n\t\t\t\t\t\t\t\t\t<\/li>\n\t\t\t\t\t\t<\/ul>\n\t\t\t\t\t\t<\/div>\n\t\t\t\t<\/div>\n\t\t\t\t<div class=\"elementor-element elementor-element-c80333e elementor-widget elementor-widget-spacer\" data-id=\"c80333e\" data-element_type=\"widget\" data-e-type=\"widget\" data-widget_type=\"spacer.default\">\n\t\t\t\t<div class=\"elementor-widget-container\">\n\t\t\t\t\t\t\t<div class=\"elementor-spacer\">\n\t\t\t<div class=\"elementor-spacer-inner\"><\/div>\n\t\t<\/div>\n\t\t\t\t\t\t<\/div>\n\t\t\t\t<\/div>\n\t\t\t\t\t<\/div>\n\t\t<\/div>\n\t\t\t\t\t<\/div>\n\t\t<\/section>\n\t\t\t\t<section class=\"elementor-section elementor-top-section elementor-element elementor-element-cda7e78 elementor-section-boxed elementor-section-height-default elementor-section-height-default\" data-id=\"cda7e78\" data-element_type=\"section\" data-e-type=\"section\">\n\t\t\t\t\t\t<div class=\"elementor-container elementor-column-gap-default\">\n\t\t\t\t\t<div class=\"elementor-column elementor-col-100 elementor-top-column elementor-element elementor-element-362b774a\" data-id=\"362b774a\" data-element_type=\"column\" data-e-type=\"column\">\n\t\t\t<div class=\"elementor-widget-wrap elementor-element-populated\">\n\t\t\t\t\t\t<div class=\"elementor-element elementor-element-bad204f elementor-widget elementor-widget-heading\" data-id=\"bad204f\" data-element_type=\"widget\" data-e-type=\"widget\" data-widget_type=\"heading.default\">\n\t\t\t\t<div class=\"elementor-widget-container\">\n\t\t\t\t\t<h4 class=\"elementor-heading-title elementor-size-default\">bizim uygulamam\u0131z<\/h4>\t\t\t\t<\/div>\n\t\t\t\t<\/div>\n\t\t\t\t<div class=\"elementor-element elementor-element-2174a714 elementor-widget elementor-widget-gallery\" data-id=\"2174a714\" data-element_type=\"widget\" data-e-type=\"widget\" data-settings=\"{&quot;gap&quot;:{&quot;unit&quot;:&quot;px&quot;,&quot;size&quot;:0,&quot;sizes&quot;:[]},&quot;columns_mobile&quot;:2,&quot;lazyload&quot;:&quot;yes&quot;,&quot;gallery_layout&quot;:&quot;grid&quot;,&quot;columns&quot;:4,&quot;columns_tablet&quot;:2,&quot;gap_tablet&quot;:{&quot;unit&quot;:&quot;px&quot;,&quot;size&quot;:10,&quot;sizes&quot;:[]},&quot;gap_mobile&quot;:{&quot;unit&quot;:&quot;px&quot;,&quot;size&quot;:10,&quot;sizes&quot;:[]},&quot;link_to&quot;:&quot;file&quot;,&quot;aspect_ratio&quot;:&quot;3:2&quot;,&quot;content_hover_animation&quot;:&quot;fade-in&quot;}\" data-widget_type=\"gallery.default\">\n\t\t\t\t<div class=\"elementor-widget-container\">\n\t\t\t\t\t\t\t<div class=\"elementor-gallery__container\">\n\t\t\t\t\t\t\t<a class=\"e-gallery-item elementor-gallery-item elementor-animated-content\" href=\"https:\/\/www.mvz-wiesloch.de\/wp-content\/uploads\/2021\/06\/Anmeldung_Ambulanz_EG_AL3I8426bearb-scaled.jpg\" data-elementor-open-lightbox=\"yes\" data-elementor-lightbox-slideshow=\"2174a714\" data-elementor-lightbox-title=\"Anmeldung_Ambulanz_EG_2\" data-elementor-lightbox-description=\"Blick in die Ambulanz des MVZ Wiesloch\" data-e-action-hash=\"#elementor-action%3Aaction%3Dlightbox%26settings%3DeyJpZCI6MTE5LCJ1cmwiOiJodHRwczpcL1wvd3d3Lm12ei13aWVzbG9jaC5kZVwvd3AtY29udGVudFwvdXBsb2Fkc1wvMjAyMVwvMDZcL0FubWVsZHVuZ19BbWJ1bGFuel9FR19BTDNJODQyNmJlYXJiLXNjYWxlZC5qcGciLCJzbGlkZXNob3ciOiIyMTc0YTcxNCJ9\">\n\t\t\t\t\t<div class=\"e-gallery-image elementor-gallery-item__image\" data-thumbnail=\"https:\/\/www.mvz-wiesloch.de\/wp-content\/uploads\/2021\/06\/Anmeldung_Ambulanz_EG_AL3I8426bearb-1024x683.jpg\" data-width=\"1024\" data-height=\"683\" aria-label=\"\" role=\"img\" ><\/div>\n\t\t\t\t\t\t\t\t\t\t\t\t\t\t<\/a>\n\t\t\t\t\t\t\t<a class=\"e-gallery-item elementor-gallery-item elementor-animated-content\" href=\"https:\/\/www.mvz-wiesloch.de\/wp-content\/uploads\/2021\/06\/Karolin-Klingspor-Douglas-Besprechung_Bergdolt-Bauer-scaled.jpg\" data-elementor-open-lightbox=\"yes\" data-elementor-lightbox-slideshow=\"2174a714\" data-elementor-lightbox-title=\"Besprechung Ralf Bauer Holger Bergdolt\" data-elementor-lightbox-description=\"Die \u00e4rztlichen Leiters des MVZ Dr. Ralf Bauer und Dr. Holger Begdolt im Gespr\u00e4ch\" data-e-action-hash=\"#elementor-action%3Aaction%3Dlightbox%26settings%3DeyJpZCI6NjMsInVybCI6Imh0dHBzOlwvXC93d3cubXZ6LXdpZXNsb2NoLmRlXC93cC1jb250ZW50XC91cGxvYWRzXC8yMDIxXC8wNlwvS2Fyb2xpbi1LbGluZ3Nwb3ItRG91Z2xhcy1CZXNwcmVjaHVuZ19CZXJnZG9sdC1CYXVlci1zY2FsZWQuanBnIiwic2xpZGVzaG93IjoiMjE3NGE3MTQifQ%3D%3D\">\n\t\t\t\t\t<div class=\"e-gallery-image elementor-gallery-item__image\" data-thumbnail=\"https:\/\/www.mvz-wiesloch.de\/wp-content\/uploads\/2021\/06\/Karolin-Klingspor-Douglas-Besprechung_Bergdolt-Bauer-1024x683.jpg\" data-width=\"1024\" data-height=\"683\" aria-label=\"\" role=\"img\" ><\/div>\n\t\t\t\t\t\t\t\t\t\t\t\t\t\t<\/a>\n\t\t\t\t\t\t\t<a class=\"e-gallery-item elementor-gallery-item elementor-animated-content\" href=\"https:\/\/www.mvz-wiesloch.de\/wp-content\/uploads\/2021\/06\/Team_Arzte_AL3I8812bearb-scaled.jpg\" data-elementor-open-lightbox=\"yes\" data-elementor-lightbox-slideshow=\"2174a714\" data-elementor-lightbox-title=\"MVZ-Team \u00c4rzte\" data-elementor-lightbox-description=\"Das \u00c4rzte-Team des MVZ Wiesloch\" data-e-action-hash=\"#elementor-action%3Aaction%3Dlightbox%26settings%3DeyJpZCI6MTczLCJ1cmwiOiJodHRwczpcL1wvd3d3Lm12ei13aWVzbG9jaC5kZVwvd3AtY29udGVudFwvdXBsb2Fkc1wvMjAyMVwvMDZcL1RlYW1fQXJ6dGVfQUwzSTg4MTJiZWFyYi1zY2FsZWQuanBnIiwic2xpZGVzaG93IjoiMjE3NGE3MTQifQ%3D%3D\">\n\t\t\t\t\t<div class=\"e-gallery-image elementor-gallery-item__image\" data-thumbnail=\"https:\/\/www.mvz-wiesloch.de\/wp-content\/uploads\/2021\/06\/Team_Arzte_AL3I8812bearb-1024x1024.jpg\" data-width=\"1024\" data-height=\"1024\" aria-label=\"\" role=\"img\" ><\/div>\n\t\t\t\t\t\t\t\t\t\t\t\t\t\t<\/a>\n\t\t\t\t\t\t\t<a class=\"e-gallery-item elementor-gallery-item elementor-animated-content\" href=\"https:\/\/www.mvz-wiesloch.de\/wp-content\/uploads\/2021\/06\/Ambiente_Sprechzimmer_OG4_AL3I7008bearb_quadrat.jpg\" data-elementor-open-lightbox=\"yes\" data-elementor-lightbox-slideshow=\"2174a714\" data-elementor-lightbox-title=\"Ambiente Sprechzimmer OG4_b\" data-elementor-lightbox-description=\"Blick in ein Sprechzimmer des MVZ Wiesloch\" data-e-action-hash=\"#elementor-action%3Aaction%3Dlightbox%26settings%3DeyJpZCI6MTExLCJ1cmwiOiJodHRwczpcL1wvd3d3Lm12ei13aWVzbG9jaC5kZVwvd3AtY29udGVudFwvdXBsb2Fkc1wvMjAyMVwvMDZcL0FtYmllbnRlX1NwcmVjaHppbW1lcl9PRzRfQUwzSTcwMDhiZWFyYl9xdWFkcmF0LmpwZyIsInNsaWRlc2hvdyI6IjIxNzRhNzE0In0%3D\">\n\t\t\t\t\t<div class=\"e-gallery-image elementor-gallery-item__image\" data-thumbnail=\"https:\/\/www.mvz-wiesloch.de\/wp-content\/uploads\/2021\/06\/Ambiente_Sprechzimmer_OG4_AL3I7008bearb_quadrat-1024x1024.jpg\" data-width=\"1024\" data-height=\"1024\" aria-label=\"\" role=\"img\" ><\/div>\n\t\t\t\t\t\t\t\t\t\t\t\t\t\t<\/a>\n\t\t\t\t\t\t\t<a class=\"e-gallery-item elementor-gallery-item elementor-animated-content\" href=\"https:\/\/www.mvz-wiesloch.de\/wp-content\/uploads\/2021\/06\/Anmeldung_Ambulanz_EG_AL3I9073bearb-scaled.jpg\" data-elementor-open-lightbox=\"yes\" data-elementor-lightbox-slideshow=\"2174a714\" data-elementor-lightbox-title=\"Anmeldung Ambulanz EG_4\" data-elementor-lightbox-description=\"Mitarbeiterinnen der Ambulanz im MVZ Wiesloch\" data-e-action-hash=\"#elementor-action%3Aaction%3Dlightbox%26settings%3DeyJpZCI6MTIyLCJ1cmwiOiJodHRwczpcL1wvd3d3Lm12ei13aWVzbG9jaC5kZVwvd3AtY29udGVudFwvdXBsb2Fkc1wvMjAyMVwvMDZcL0FubWVsZHVuZ19BbWJ1bGFuel9FR19BTDNJOTA3M2JlYXJiLXNjYWxlZC5qcGciLCJzbGlkZXNob3ciOiIyMTc0YTcxNCJ9\">\n\t\t\t\t\t<div class=\"e-gallery-image elementor-gallery-item__image\" data-thumbnail=\"https:\/\/www.mvz-wiesloch.de\/wp-content\/uploads\/2021\/06\/Anmeldung_Ambulanz_EG_AL3I9073bearb-1024x683.jpg\" data-width=\"1024\" data-height=\"683\" aria-label=\"\" role=\"img\" ><\/div>\n\t\t\t\t\t\t\t\t\t\t\t\t\t\t<\/a>\n\t\t\t\t\t\t\t<a class=\"e-gallery-item elementor-gallery-item elementor-animated-content\" href=\"https:\/\/www.mvz-wiesloch.de\/wp-content\/uploads\/2021\/06\/Wartezimmer_Ambulanz_EG_AL3I8554bearb-scaled.jpg\" data-elementor-open-lightbox=\"yes\" data-elementor-lightbox-slideshow=\"2174a714\" data-elementor-lightbox-title=\"Wartezimmer Ambulanz\" data-elementor-lightbox-description=\"Der Wartebereich der Ambulanz im MVZ Wiesloch\" data-e-action-hash=\"#elementor-action%3Aaction%3Dlightbox%26settings%3DeyJpZCI6MTg0LCJ1cmwiOiJodHRwczpcL1wvd3d3Lm12ei13aWVzbG9jaC5kZVwvd3AtY29udGVudFwvdXBsb2Fkc1wvMjAyMVwvMDZcL1dhcnRlemltbWVyX0FtYnVsYW56X0VHX0FMM0k4NTU0YmVhcmItc2NhbGVkLmpwZyIsInNsaWRlc2hvdyI6IjIxNzRhNzE0In0%3D\">\n\t\t\t\t\t<div class=\"e-gallery-image elementor-gallery-item__image\" data-thumbnail=\"https:\/\/www.mvz-wiesloch.de\/wp-content\/uploads\/2021\/06\/Wartezimmer_Ambulanz_EG_AL3I8554bearb-1024x683.jpg\" data-width=\"1024\" data-height=\"683\" aria-label=\"\" role=\"img\" ><\/div>\n\t\t\t\t\t\t\t\t\t\t\t\t\t\t<\/a>\n\t\t\t\t\t\t\t<a class=\"e-gallery-item elementor-gallery-item elementor-animated-content\" href=\"https:\/\/www.mvz-wiesloch.de\/wp-content\/uploads\/2021\/06\/Anmeldung_Ambulanz_EG_AL3I8391bearb-scaled.jpg\" data-elementor-open-lightbox=\"yes\" data-elementor-lightbox-slideshow=\"2174a714\" data-elementor-lightbox-title=\"Anmeldung Ambulanz EG_1c\" data-elementor-lightbox-description=\"Mitarbeiterinnen der Ambulanz im MVZ Wiesloch\" data-e-action-hash=\"#elementor-action%3Aaction%3Dlightbox%26settings%3DeyJpZCI6MTE2LCJ1cmwiOiJodHRwczpcL1wvd3d3Lm12ei13aWVzbG9jaC5kZVwvd3AtY29udGVudFwvdXBsb2Fkc1wvMjAyMVwvMDZcL0FubWVsZHVuZ19BbWJ1bGFuel9FR19BTDNJODM5MWJlYXJiLXNjYWxlZC5qcGciLCJzbGlkZXNob3ciOiIyMTc0YTcxNCJ9\">\n\t\t\t\t\t<div class=\"e-gallery-image elementor-gallery-item__image\" data-thumbnail=\"https:\/\/www.mvz-wiesloch.de\/wp-content\/uploads\/2021\/06\/Anmeldung_Ambulanz_EG_AL3I8391bearb-1024x683.jpg\" data-width=\"1024\" data-height=\"683\" aria-label=\"\" role=\"img\" ><\/div>\n\t\t\t\t\t\t\t\t\t\t\t\t\t\t<\/a>\n\t\t\t\t\t\t\t<a class=\"e-gallery-item elementor-gallery-item elementor-animated-content\" href=\"https:\/\/www.mvz-wiesloch.de\/wp-content\/uploads\/2021\/06\/Kardiologie_OG3_180913_Janus_MVZ_Wiesloch_5635_Retusche.jpg\" data-elementor-open-lightbox=\"yes\" data-elementor-lightbox-slideshow=\"2174a714\" data-elementor-lightbox-title=\"Kardiologie OG3\" data-elementor-lightbox-description=\"Die Kardiologie im 3. OG des MVZ Wiesloch\" data-e-action-hash=\"#elementor-action%3Aaction%3Dlightbox%26settings%3DeyJpZCI6MTU4LCJ1cmwiOiJodHRwczpcL1wvd3d3Lm12ei13aWVzbG9jaC5kZVwvd3AtY29udGVudFwvdXBsb2Fkc1wvMjAyMVwvMDZcL0thcmRpb2xvZ2llX09HM18xODA5MTNfSmFudXNfTVZaX1dpZXNsb2NoXzU2MzVfUmV0dXNjaGUuanBnIiwic2xpZGVzaG93IjoiMjE3NGE3MTQifQ%3D%3D\">\n\t\t\t\t\t<div class=\"e-gallery-image elementor-gallery-item__image\" data-thumbnail=\"https:\/\/www.mvz-wiesloch.de\/wp-content\/uploads\/2021\/06\/Kardiologie_OG3_180913_Janus_MVZ_Wiesloch_5635_Retusche.jpg\" data-width=\"1024\" data-height=\"768\" aria-label=\"\" role=\"img\" ><\/div>\n\t\t\t\t\t\t\t\t\t\t\t\t\t\t<\/a>\n\t\t\t\t\t<\/div>\n\t\t\t\t\t<\/div>\n\t\t\t\t<\/div>\n\t\t\t\t<div class=\"elementor-element elementor-element-3507f413 elementor-widget elementor-widget-spacer\" data-id=\"3507f413\" data-element_type=\"widget\" data-e-type=\"widget\" data-widget_type=\"spacer.default\">\n\t\t\t\t<div class=\"elementor-widget-container\">\n\t\t\t\t\t\t\t<div class=\"elementor-spacer\">\n\t\t\t<div class=\"elementor-spacer-inner\"><\/div>\n\t\t<\/div>\n\t\t\t\t\t\t<\/div>\n\t\t\t\t<\/div>\n\t\t\t\t\t<\/div>\n\t\t<\/div>\n\t\t\t\t\t<\/div>\n\t\t<\/section>\n\t\t\t\t<\/div>\n\t\t","protected":false},"excerpt":{"rendered":"<p>AMBULANS MVZ WIESLOCH&#8217;UN ZEM\u0130N KATTA OLAN AMBULANSIMIZDA A\u015eA\u011eIDAK\u0130 H\u0130ZMETLER\u0130 SUNMAKTAYIZ: Ambulans doktorlar\u0131 taraf\u0131ndan akut acil bak\u0131m Transfer yay\u0131nlama Toplamak&nbsp; laboratuvar sonu\u00e7lar\u0131 veya saklanan belgeler&nbsp; Marcumar\u00ae dozaj\u0131 i\u00e7in Quick \/ INR de\u011ferinin h\u0131zl\u0131 laboratuvar belirlemeleri G\u00f6r\u00fc\u015fme saatleri i\u00e7in randevular S\u0131navlar i\u00e7in Randevular \u0130LET\u0130\u015e\u0130M 06222 93559-0 bizim uygulamam\u0131z<\/p>\n","protected":false},"author":1,"featured_media":0,"parent":0,"menu_order":0,"comment_status":"closed","ping_status":"closed","template":"elementor_header_footer","meta":{"inline_featured_image":false,"site-sidebar-layout":"no-sidebar","site-content-layout":"page-builder","ast-site-content-layout":"default","site-content-style":"default","site-sidebar-style":"default","ast-global-header-display":"","ast-banner-title-visibility":"","ast-main-header-display":"disabled","ast-hfb-above-header-display":"","ast-hfb-below-header-display":"","ast-hfb-mobile-header-display":"disabled","site-post-title":"disabled","ast-breadcrumbs-content":"disabled","ast-featured-img":"disabled","footer-sml-layout":"disabled","ast-disable-related-posts":"","theme-transparent-header-meta":"default","adv-header-id-meta":"","stick-header-meta":"","header-above-stick-meta":"","header-main-stick-meta":"","header-below-stick-meta":"","astra-migrate-meta-layouts":"default","ast-page-background-enabled":"default","ast-page-background-meta":{"desktop":{"background-color":"","background-image":"","background-repeat":"repeat","background-position":"center center","background-size":"auto","background-attachment":"scroll","background-type":"","background-media":"","overlay-type":"","overlay-color":"","overlay-opacity":"","overlay-gradient":""},"tablet":{"background-color":"","background-image":"","background-repeat":"repeat","background-position":"center center","background-size":"auto","background-attachment":"scroll","background-type":"","background-media":"","overlay-type":"","overlay-color":"","overlay-opacity":"","overlay-gradient":""},"mobile":{"background-color":"","background-image":"","background-repeat":"repeat","background-position":"center center","background-size":"auto","background-attachment":"scroll","background-type":"","background-media":"","overlay-type":"","overlay-color":"","overlay-opacity":"","overlay-gradient":""}},"ast-content-background-meta":{"desktop":{"background-color":"var(--ast-global-color-5)","background-image":"","background-repeat":"repeat","background-position":"center center","background-size":"auto","background-attachment":"scroll","background-type":"","background-media":"","overlay-type":"","overlay-color":"","overlay-opacity":"","overlay-gradient":""},"tablet":{"background-color":"var(--ast-global-color-5)","background-image":"","background-repeat":"repeat","background-position":"center center","background-size":"auto","background-attachment":"scroll","background-type":"","background-media":"","overlay-type":"","overlay-color":"","overlay-opacity":"","overlay-gradient":""},"mobile":{"background-color":"var(--ast-global-color-5)","background-image":"","background-repeat":"repeat","background-position":"center center","background-size":"auto","background-attachment":"scroll","background-type":"","background-media":"","overlay-type":"","overlay-color":"","overlay-opacity":"","overlay-gradient":""}},"footnotes":""},"class_list":["post-6900","page","type-page","status-publish","hentry"],"_links":{"self":[{"href":"https:\/\/www.mvz-wiesloch.de\/tr\/wp-json\/wp\/v2\/pages\/6900","targetHints":{"allow":["GET"]}}],"collection":[{"href":"https:\/\/www.mvz-wiesloch.de\/tr\/wp-json\/wp\/v2\/pages"}],"about":[{"href":"https:\/\/www.mvz-wiesloch.de\/tr\/wp-json\/wp\/v2\/types\/page"}],"author":[{"embeddable":true,"href":"https:\/\/www.mvz-wiesloch.de\/tr\/wp-json\/wp\/v2\/users\/1"}],"replies":[{"embeddable":true,"href":"https:\/\/www.mvz-wiesloch.de\/tr\/wp-json\/wp\/v2\/comments?post=6900"}],"version-history":[{"count":0,"href":"https:\/\/www.mvz-wiesloch.de\/tr\/wp-json\/wp\/v2\/pages\/6900\/revisions"}],"wp:attachment":[{"href":"https:\/\/www.mvz-wiesloch.de\/tr\/wp-json\/wp\/v2\/media?parent=6900"}],"curies":[{"name":"wp","href":"https:\/\/api.w.org\/{rel}","templated":true}]}}