{"id":6596,"date":"2021-07-20T11:45:50","date_gmt":"2021-07-20T09:45:50","guid":{"rendered":"https:\/\/www.mvz-wiesloch.de\/dr-med-nicole-engel\/"},"modified":"2025-03-20T18:26:35","modified_gmt":"2025-03-20T17:26:35","slug":"dr-med-nicole-engel","status":"publish","type":"page","link":"https:\/\/www.mvz-wiesloch.de\/tr\/dr-med-nicole-engel\/","title":{"rendered":"Dr. med. Nicole Engel"},"content":{"rendered":"\t\t<div data-elementor-type=\"wp-page\" data-elementor-id=\"6596\" class=\"elementor elementor-6596 elementor-1712\" data-elementor-post-type=\"page\">\n\t\t\t\t\t\t<section class=\"elementor-section elementor-top-section elementor-element elementor-element-34f6d12 elementor-section-boxed elementor-section-height-default elementor-section-height-default\" data-id=\"34f6d12\" data-element_type=\"section\" data-e-type=\"section\" data-settings=\"{&quot;background_background&quot;:&quot;classic&quot;}\">\n\t\t\t\t\t\t\t<div class=\"elementor-background-overlay\"><\/div>\n\t\t\t\t\t\t\t<div class=\"elementor-container elementor-column-gap-default\">\n\t\t\t\t\t<div class=\"elementor-column elementor-col-100 elementor-top-column elementor-element elementor-element-e115946\" data-id=\"e115946\" data-element_type=\"column\" data-e-type=\"column\">\n\t\t\t<div class=\"elementor-widget-wrap elementor-element-populated\">\n\t\t\t\t\t\t<div class=\"elementor-element elementor-element-75f5f94 elementor-widget elementor-widget-heading\" data-id=\"75f5f94\" data-element_type=\"widget\" data-e-type=\"widget\" data-widget_type=\"heading.default\">\n\t\t\t\t<div class=\"elementor-widget-container\">\n\t\t\t\t\t<h1 class=\"elementor-heading-title elementor-size-default\">Dr. med. Nicole Engel<\/h1>\t\t\t\t<\/div>\n\t\t\t\t<\/div>\n\t\t\t\t<div class=\"elementor-element elementor-element-7b78801 elementor-widget elementor-widget-heading\" data-id=\"7b78801\" data-element_type=\"widget\" data-e-type=\"widget\" data-widget_type=\"heading.default\">\n\t\t\t\t<div class=\"elementor-widget-container\">\n\t\t\t\t\t<h2 class=\"elementor-heading-title elementor-size-default\">Dahiliye uzman\u0131 <\/h2>\t\t\t\t<\/div>\n\t\t\t\t<\/div>\n\t\t\t\t\t<\/div>\n\t\t<\/div>\n\t\t\t\t\t<\/div>\n\t\t<\/section>\n\t\t\t\t<section class=\"elementor-section elementor-top-section elementor-element elementor-element-feeb563 elementor-reverse-mobile elementor-section-boxed elementor-section-height-default elementor-section-height-default\" data-id=\"feeb563\" data-element_type=\"section\" data-e-type=\"section\">\n\t\t\t\t\t\t<div class=\"elementor-container elementor-column-gap-default\">\n\t\t\t\t\t<div class=\"elementor-column elementor-col-66 elementor-top-column elementor-element elementor-element-8f80c7c\" data-id=\"8f80c7c\" data-element_type=\"column\" data-e-type=\"column\">\n\t\t\t<div class=\"elementor-widget-wrap elementor-element-populated\">\n\t\t\t\t\t\t<div class=\"elementor-element elementor-element-b4628e3 elementor-widget elementor-widget-heading\" data-id=\"b4628e3\" data-element_type=\"widget\" data-e-type=\"widget\" data-widget_type=\"heading.default\">\n\t\t\t\t<div class=\"elementor-widget-container\">\n\t\t\t\t\t<h3 class=\"elementor-heading-title elementor-size-default\">biyografi<\/h3>\t\t\t\t<\/div>\n\t\t\t\t<\/div>\n\t\t\t\t<div class=\"elementor-element elementor-element-d69e020 elementor-widget elementor-widget-text-editor\" data-id=\"d69e020\" data-element_type=\"widget\" data-e-type=\"widget\" data-widget_type=\"text-editor.default\">\n\t\t\t\t<div class=\"elementor-widget-container\">\n\t\t\t\t\t\t\t\t\t<ul>\n<li>Heidelberg \u00dcniversitesi&#8217;nde insan t\u0131bb\u0131 ve devlet muayenesi \u00e7al\u0131\u015fmas\u0131<\/li>\n<li>Heidelberg \u00dcniversitesi N\u00f6roloji Klini\u011finde Doktora<\/li>\n<li>GRN-Klinik Sinsheim&#8217;da dahiliye alan\u0131nda klinik asistan doktor<\/li>\n<li>Uzmanl\u0131k sertifikas\u0131: dahiliye (2009)<\/li>\n<li>Ek nitelik: acil t\u0131p; acil doktor olarak uzun y\u0131llara dayanan deneyim<\/li>\n<li>GRN-Klinik Sinsheim&#8217;da dahili acil servis ba\u015fhekimi<\/li>\n<li>2013&#8217;ten beri MVZ Wiesloch&#8217;ta \u00e7al\u0131\u015f\u0131yor<\/li>\n<\/ul>\t\t\t\t\t\t\t\t<\/div>\n\t\t\t\t<\/div>\n\t\t\t\t<div class=\"elementor-element elementor-element-3df7c17 elementor-widget elementor-widget-heading\" data-id=\"3df7c17\" data-element_type=\"widget\" data-e-type=\"widget\" data-widget_type=\"heading.default\">\n\t\t\t\t<div class=\"elementor-widget-container\">\n\t\t\t\t\t<h3 class=\"elementor-heading-title elementor-size-default\">Konular \/ nitelikler\n<\/h3>\t\t\t\t<\/div>\n\t\t\t\t<\/div>\n\t\t\t\t<div class=\"elementor-element elementor-element-915b329 elementor-widget elementor-widget-text-editor\" data-id=\"915b329\" data-element_type=\"widget\" data-e-type=\"widget\" data-widget_type=\"text-editor.default\">\n\t\t\t\t<div class=\"elementor-widget-container\">\n\t\t\t\t\t\t\t\t\t<ul>\n<li>Dahiliye<\/li>\n<li>Acil T\u0131p<\/li>\n<\/ul>\n\t\t\t\t\t\t\t\t<\/div>\n\t\t\t\t<\/div>\n\t\t\t\t<div class=\"elementor-element elementor-element-d812179 elementor-widget elementor-widget-heading\" data-id=\"d812179\" data-element_type=\"widget\" data-e-type=\"widget\" data-widget_type=\"heading.default\">\n\t\t\t\t<div class=\"elementor-widget-container\">\n\t\t\t\t\t<h3 class=\"elementor-heading-title elementor-size-default\">Etkinlik oda\u011f\u0131\n<\/h3>\t\t\t\t<\/div>\n\t\t\t\t<\/div>\n\t\t\t\t<div class=\"elementor-element elementor-element-0cdb63d elementor-widget elementor-widget-text-editor\" data-id=\"0cdb63d\" data-element_type=\"widget\" data-e-type=\"widget\" data-widget_type=\"text-editor.default\">\n\t\t\t\t<div class=\"elementor-widget-container\">\n\t\t\t\t\t\t\t\t\t<ul>\n<li>Aile doktoru<\/li>\n<\/ul>\n\t\t\t\t\t\t\t\t<\/div>\n\t\t\t\t<\/div>\n\t\t\t\t<div class=\"elementor-element elementor-element-9ee1c19 elementor-widget elementor-widget-heading\" data-id=\"9ee1c19\" data-element_type=\"widget\" data-e-type=\"widget\" data-widget_type=\"heading.default\">\n\t\t\t\t<div class=\"elementor-widget-container\">\n\t\t\t\t\t<h3 class=\"elementor-heading-title elementor-size-default\">\u00fcyelikler\n<\/h3>\t\t\t\t<\/div>\n\t\t\t\t<\/div>\n\t\t\t\t<div class=\"elementor-element elementor-element-3044132 elementor-widget elementor-widget-text-editor\" data-id=\"3044132\" data-element_type=\"widget\" data-e-type=\"widget\" data-widget_type=\"text-editor.default\">\n\t\t\t\t<div class=\"elementor-widget-container\">\n\t\t\t\t\t\t\t\t\t<ul>\n<li>Meslek Birli\u011fi&nbsp; Alman Dahiliyeciler eV&nbsp;<\/li>\n<li>Alman Beslenme T\u0131bb\u0131 Derne\u011fi eV<\/li>\n<\/ul>\t\t\t\t\t\t\t\t<\/div>\n\t\t\t\t<\/div>\n\t\t\t\t\t<\/div>\n\t\t<\/div>\n\t\t\t\t<div class=\"elementor-column elementor-col-33 elementor-top-column elementor-element elementor-element-8bb89eb\" data-id=\"8bb89eb\" data-element_type=\"column\" data-e-type=\"column\">\n\t\t\t<div class=\"elementor-widget-wrap elementor-element-populated\">\n\t\t\t\t\t\t<div class=\"elementor-element elementor-element-08b656f elementor-widget elementor-widget-image\" data-id=\"08b656f\" data-element_type=\"widget\" data-e-type=\"widget\" data-widget_type=\"image.default\">\n\t\t\t\t<div class=\"elementor-widget-container\">\n\t\t\t\t\t\t\t\t\t\t\t\t\t\t\t<img fetchpriority=\"high\" decoding=\"async\" width=\"1024\" height=\"683\" src=\"https:\/\/www.mvz-wiesloch.de\/wp-content\/uploads\/2021\/06\/Nicole-Engel-B-1024x683.jpg\" class=\"attachment-large size-large wp-image-5402\" alt=\"\" srcset=\"https:\/\/www.mvz-wiesloch.de\/wp-content\/uploads\/2021\/06\/Nicole-Engel-B-1024x683.jpg 1024w, https:\/\/www.mvz-wiesloch.de\/wp-content\/uploads\/2021\/06\/Nicole-Engel-B-300x200.jpg 300w, https:\/\/www.mvz-wiesloch.de\/wp-content\/uploads\/2021\/06\/Nicole-Engel-B-768x512.jpg 768w, https:\/\/www.mvz-wiesloch.de\/wp-content\/uploads\/2021\/06\/Nicole-Engel-B-1536x1024.jpg 1536w, https:\/\/www.mvz-wiesloch.de\/wp-content\/uploads\/2021\/06\/Nicole-Engel-B-2048x1365.jpg 2048w, https:\/\/www.mvz-wiesloch.de\/wp-content\/uploads\/2021\/06\/Nicole-Engel-B-scaled.jpg 1920w\" sizes=\"(max-width: 1024px) 100vw, 1024px\" \/>\t\t\t\t\t\t\t\t\t\t\t\t\t\t\t<\/div>\n\t\t\t\t<\/div>\n\t\t\t\t<div class=\"elementor-element elementor-element-c2f781f elementor-widget elementor-widget-heading\" data-id=\"c2f781f\" data-element_type=\"widget\" data-e-type=\"widget\" data-widget_type=\"heading.default\">\n\t\t\t\t<div class=\"elementor-widget-container\">\n\t\t\t\t\t<h1 class=\"elementor-heading-title elementor-size-default\">Dr. med. Nicole Engel<\/h1>\t\t\t\t<\/div>\n\t\t\t\t<\/div>\n\t\t\t\t<div class=\"elementor-element elementor-element-7dbf050 elementor-widget elementor-widget-heading\" data-id=\"7dbf050\" data-element_type=\"widget\" data-e-type=\"widget\" data-widget_type=\"heading.default\">\n\t\t\t\t<div class=\"elementor-widget-container\">\n\t\t\t\t\t<h2 class=\"elementor-heading-title elementor-size-default\">Dahiliye uzman\u0131 \n<\/h2>\t\t\t\t<\/div>\n\t\t\t\t<\/div>\n\t\t\t\t<div class=\"elementor-element elementor-element-dc4289f elementor-widget elementor-widget-spacer\" data-id=\"dc4289f\" data-element_type=\"widget\" data-e-type=\"widget\" data-widget_type=\"spacer.default\">\n\t\t\t\t<div class=\"elementor-widget-container\">\n\t\t\t\t\t\t\t<div class=\"elementor-spacer\">\n\t\t\t<div class=\"elementor-spacer-inner\"><\/div>\n\t\t<\/div>\n\t\t\t\t\t\t<\/div>\n\t\t\t\t<\/div>\n\t\t\t\t<div class=\"elementor-element elementor-element-7556f6b elementor-widget elementor-widget-text-editor\" data-id=\"7556f6b\" data-element_type=\"widget\" data-e-type=\"widget\" data-widget_type=\"text-editor.default\">\n\t\t\t\t<div class=\"elementor-widget-container\">\n\t\t\t\t\t\t\t\t\t<div id=\"wpv-column-d7911f46b4114ef37303b411c8890a3c\" class=\"wpv-grid grid-3-4 first unextended\">\n<p>Ziyaretinizi \u00f6nceden duyurursan\u0131z &#8211; gerekirse k\u0131sa s\u00fcrede de &#8211; bekleme s\u00fcrelerini k\u0131saltmam\u0131za yard\u0131mc\u0131 olursunuz.<\/p>\n<\/div>\n\t\t\t\t\t\t\t\t<\/div>\n\t\t\t\t<\/div>\n\t\t\t\t<div class=\"elementor-element elementor-element-aebe8ae elementor-align-center iconbtn elementor-widget elementor-widget-button\" data-id=\"aebe8ae\" data-element_type=\"widget\" data-e-type=\"widget\" data-widget_type=\"button.default\">\n\t\t\t\t<div class=\"elementor-widget-container\">\n\t\t\t\t\t\t\t\t\t<div class=\"elementor-button-wrapper\">\n\t\t\t\t\t<a class=\"elementor-button elementor-button-link elementor-size-sm\" href=\"#elementor-action%3Aaction%3Dpopup%3Aopen%26settings%3DeyJpZCI6NjU3MiwidG9nZ2xlIjpmYWxzZX0%3D\">\n\t\t\t\t\t\t<span class=\"elementor-button-content-wrapper\">\n\t\t\t\t\t\t\t\t\t<span class=\"elementor-button-text\">Online randevu al\u0131n<\/span>\n\t\t\t\t\t<\/span>\n\t\t\t\t\t<\/a>\n\t\t\t\t<\/div>\n\t\t\t\t\t\t\t\t<\/div>\n\t\t\t\t<\/div>\n\t\t\t\t\t<\/div>\n\t\t<\/div>\n\t\t\t\t\t<\/div>\n\t\t<\/section>\n\t\t\t\t<section class=\"elementor-section elementor-top-section elementor-element elementor-element-011bcf4 elementor-section-boxed elementor-section-height-default elementor-section-height-default\" data-id=\"011bcf4\" data-element_type=\"section\" data-e-type=\"section\">\n\t\t\t\t\t\t<div class=\"elementor-container elementor-column-gap-default\">\n\t\t\t\t\t<div class=\"elementor-column elementor-col-100 elementor-top-column elementor-element elementor-element-23061054\" data-id=\"23061054\" data-element_type=\"column\" data-e-type=\"column\">\n\t\t\t<div class=\"elementor-widget-wrap elementor-element-populated\">\n\t\t\t\t\t\t<div class=\"elementor-element elementor-element-27429a0d elementor-widget elementor-widget-spacer\" data-id=\"27429a0d\" data-element_type=\"widget\" data-e-type=\"widget\" data-widget_type=\"spacer.default\">\n\t\t\t\t<div class=\"elementor-widget-container\">\n\t\t\t\t\t\t\t<div class=\"elementor-spacer\">\n\t\t\t<div class=\"elementor-spacer-inner\"><\/div>\n\t\t<\/div>\n\t\t\t\t\t\t<\/div>\n\t\t\t\t<\/div>\n\t\t\t\t<div class=\"elementor-element elementor-element-7374efce elementor-widget elementor-widget-heading\" data-id=\"7374efce\" data-element_type=\"widget\" data-e-type=\"widget\" data-widget_type=\"heading.default\">\n\t\t\t\t<div class=\"elementor-widget-container\">\n\t\t\t\t\t<h3 class=\"elementor-heading-title elementor-size-default\">bizim uygulamam\u0131z<\/h3>\t\t\t\t<\/div>\n\t\t\t\t<\/div>\n\t\t\t\t<div class=\"elementor-element elementor-element-68c6773a elementor-widget elementor-widget-gallery\" data-id=\"68c6773a\" data-element_type=\"widget\" data-e-type=\"widget\" data-settings=\"{&quot;gap&quot;:{&quot;unit&quot;:&quot;px&quot;,&quot;size&quot;:0,&quot;sizes&quot;:[]},&quot;columns_mobile&quot;:2,&quot;lazyload&quot;:&quot;yes&quot;,&quot;gallery_layout&quot;:&quot;grid&quot;,&quot;columns&quot;:4,&quot;columns_tablet&quot;:2,&quot;gap_tablet&quot;:{&quot;unit&quot;:&quot;px&quot;,&quot;size&quot;:10,&quot;sizes&quot;:[]},&quot;gap_mobile&quot;:{&quot;unit&quot;:&quot;px&quot;,&quot;size&quot;:10,&quot;sizes&quot;:[]},&quot;link_to&quot;:&quot;file&quot;,&quot;aspect_ratio&quot;:&quot;3:2&quot;,&quot;content_hover_animation&quot;:&quot;fade-in&quot;}\" data-widget_type=\"gallery.default\">\n\t\t\t\t<div class=\"elementor-widget-container\">\n\t\t\t\t\t\t\t<div class=\"elementor-gallery__container\">\n\t\t\t\t\t\t\t<a class=\"e-gallery-item elementor-gallery-item elementor-animated-content\" href=\"https:\/\/www.mvz-wiesloch.de\/wp-content\/uploads\/2021\/07\/Anmeldung_Innere-Medizin_OG4_AL3I6750bearb2_quadrat.jpg\" data-elementor-open-lightbox=\"yes\" data-elementor-lightbox-slideshow=\"68c6773a\" data-elementor-lightbox-title=\"Anmeldung_Innere-Medizin_OG4_AL3I6750bearb2_quadrat.jpg\" data-e-action-hash=\"#elementor-action%3Aaction%3Dlightbox%26settings%3DeyJpZCI6NDgxNCwidXJsIjoiaHR0cHM6XC9cL3d3dy5tdnotd2llc2xvY2guZGVcL3dwLWNvbnRlbnRcL3VwbG9hZHNcLzIwMjFcLzA3XC9Bbm1lbGR1bmdfSW5uZXJlLU1lZGl6aW5fT0c0X0FMM0k2NzUwYmVhcmIyX3F1YWRyYXQuanBnIiwic2xpZGVzaG93IjoiNjhjNjc3M2EifQ%3D%3D\">\n\t\t\t\t\t<div class=\"e-gallery-image elementor-gallery-item__image\" data-thumbnail=\"https:\/\/www.mvz-wiesloch.de\/wp-content\/uploads\/2021\/07\/Anmeldung_Innere-Medizin_OG4_AL3I6750bearb2_quadrat-1024x1024.jpg\" data-width=\"1024\" data-height=\"1024\" aria-label=\"\" role=\"img\" ><\/div>\n\t\t\t\t\t\t\t\t\t\t\t\t\t\t<\/a>\n\t\t\t\t\t\t\t<a class=\"e-gallery-item elementor-gallery-item elementor-animated-content\" href=\"https:\/\/www.mvz-wiesloch.de\/wp-content\/uploads\/2021\/07\/Angiologie_IK.jpg\" data-elementor-open-lightbox=\"yes\" data-elementor-lightbox-slideshow=\"68c6773a\" data-elementor-lightbox-title=\"Angiologie_IK.jpg\" data-e-action-hash=\"#elementor-action%3Aaction%3Dlightbox%26settings%3DeyJpZCI6NDgxNiwidXJsIjoiaHR0cHM6XC9cL3d3dy5tdnotd2llc2xvY2guZGVcL3dwLWNvbnRlbnRcL3VwbG9hZHNcLzIwMjFcLzA3XC9Bbmdpb2xvZ2llX0lLLmpwZyIsInNsaWRlc2hvdyI6IjY4YzY3NzNhIn0%3D\">\n\t\t\t\t\t<div class=\"e-gallery-image elementor-gallery-item__image\" data-thumbnail=\"https:\/\/www.mvz-wiesloch.de\/wp-content\/uploads\/2021\/07\/Angiologie_IK-1024x346.jpg\" data-width=\"1024\" data-height=\"346\" aria-label=\"\" role=\"img\" ><\/div>\n\t\t\t\t\t\t\t\t\t\t\t\t\t\t<\/a>\n\t\t\t\t\t\t\t<a class=\"e-gallery-item elementor-gallery-item elementor-animated-content\" href=\"https:\/\/www.mvz-wiesloch.de\/wp-content\/uploads\/2021\/07\/Anmeldung_Ambulanz_EG_AL3I8394bearb.jpg\" data-elementor-open-lightbox=\"yes\" data-elementor-lightbox-slideshow=\"68c6773a\" data-elementor-lightbox-title=\"Anmeldung_Ambulanz_EG_AL3I8394bearb.jpg\" data-e-action-hash=\"#elementor-action%3Aaction%3Dlightbox%26settings%3DeyJpZCI6NDgxNywidXJsIjoiaHR0cHM6XC9cL3d3dy5tdnotd2llc2xvY2guZGVcL3dwLWNvbnRlbnRcL3VwbG9hZHNcLzIwMjFcLzA3XC9Bbm1lbGR1bmdfQW1idWxhbnpfRUdfQUwzSTgzOTRiZWFyYi5qcGciLCJzbGlkZXNob3ciOiI2OGM2NzczYSJ9\">\n\t\t\t\t\t<div class=\"e-gallery-image elementor-gallery-item__image\" data-thumbnail=\"https:\/\/www.mvz-wiesloch.de\/wp-content\/uploads\/2021\/07\/Anmeldung_Ambulanz_EG_AL3I8394bearb-1024x1024.jpg\" data-width=\"1024\" data-height=\"1024\" aria-label=\"\" role=\"img\" ><\/div>\n\t\t\t\t\t\t\t\t\t\t\t\t\t\t<\/a>\n\t\t\t\t\t\t\t<a class=\"e-gallery-item elementor-gallery-item elementor-animated-content\" href=\"https:\/\/www.mvz-wiesloch.de\/wp-content\/uploads\/2021\/07\/Team_Arzte_AL3I8812bearb-scaled-1.jpg\" data-elementor-open-lightbox=\"yes\" data-elementor-lightbox-slideshow=\"68c6773a\" data-elementor-lightbox-title=\"Team_Arzte_AL3I8812bearb-scaled.jpg\" data-e-action-hash=\"#elementor-action%3Aaction%3Dlightbox%26settings%3DeyJpZCI6NDgyMywidXJsIjoiaHR0cHM6XC9cL3d3dy5tdnotd2llc2xvY2guZGVcL3dwLWNvbnRlbnRcL3VwbG9hZHNcLzIwMjFcLzA3XC9UZWFtX0FyenRlX0FMM0k4ODEyYmVhcmItc2NhbGVkLTEuanBnIiwic2xpZGVzaG93IjoiNjhjNjc3M2EifQ%3D%3D\">\n\t\t\t\t\t<div class=\"e-gallery-image elementor-gallery-item__image\" data-thumbnail=\"https:\/\/www.mvz-wiesloch.de\/wp-content\/uploads\/2021\/07\/Team_Arzte_AL3I8812bearb-scaled-1-1024x1024.jpg\" data-width=\"1024\" data-height=\"1024\" aria-label=\"\" role=\"img\" ><\/div>\n\t\t\t\t\t\t\t\t\t\t\t\t\t\t<\/a>\n\t\t\t\t\t\t\t<a class=\"e-gallery-item elementor-gallery-item elementor-animated-content\" href=\"https:\/\/www.mvz-wiesloch.de\/wp-content\/uploads\/2021\/07\/Anmeldung_Kardiologie_OG3_1_AL3I7441bearb_quadrat.jpg\" data-elementor-open-lightbox=\"yes\" data-elementor-lightbox-slideshow=\"68c6773a\" data-elementor-lightbox-title=\"Anmeldung_Kardiologie_OG3_1_AL3I7441bearb_quadrat.jpg\" data-e-action-hash=\"#elementor-action%3Aaction%3Dlightbox%26settings%3DeyJpZCI6NDgxNSwidXJsIjoiaHR0cHM6XC9cL3d3dy5tdnotd2llc2xvY2guZGVcL3dwLWNvbnRlbnRcL3VwbG9hZHNcLzIwMjFcLzA3XC9Bbm1lbGR1bmdfS2FyZGlvbG9naWVfT0czXzFfQUwzSTc0NDFiZWFyYl9xdWFkcmF0LmpwZyIsInNsaWRlc2hvdyI6IjY4YzY3NzNhIn0%3D\">\n\t\t\t\t\t<div class=\"e-gallery-image elementor-gallery-item__image\" data-thumbnail=\"https:\/\/www.mvz-wiesloch.de\/wp-content\/uploads\/2021\/07\/Anmeldung_Kardiologie_OG3_1_AL3I7441bearb_quadrat-1024x1024.jpg\" data-width=\"1024\" data-height=\"1024\" aria-label=\"\" role=\"img\" ><\/div>\n\t\t\t\t\t\t\t\t\t\t\t\t\t\t<\/a>\n\t\t\t\t\t\t\t<a class=\"e-gallery-item elementor-gallery-item elementor-animated-content\" href=\"https:\/\/www.mvz-wiesloch.de\/wp-content\/uploads\/2021\/07\/Ambiente_Statue_OG4_AL3I6965bearb-scaled-1.jpg\" data-elementor-open-lightbox=\"yes\" data-elementor-lightbox-slideshow=\"68c6773a\" data-elementor-lightbox-title=\"Ambiente_Statue_OG4_AL3I6965bearb-scaled.jpg\" data-e-action-hash=\"#elementor-action%3Aaction%3Dlightbox%26settings%3DeyJpZCI6NDgyMSwidXJsIjoiaHR0cHM6XC9cL3d3dy5tdnotd2llc2xvY2guZGVcL3dwLWNvbnRlbnRcL3VwbG9hZHNcLzIwMjFcLzA3XC9BbWJpZW50ZV9TdGF0dWVfT0c0X0FMM0k2OTY1YmVhcmItc2NhbGVkLTEuanBnIiwic2xpZGVzaG93IjoiNjhjNjc3M2EifQ%3D%3D\">\n\t\t\t\t\t<div class=\"e-gallery-image elementor-gallery-item__image\" data-thumbnail=\"https:\/\/www.mvz-wiesloch.de\/wp-content\/uploads\/2021\/07\/Ambiente_Statue_OG4_AL3I6965bearb-scaled-1-1024x683.jpg\" data-width=\"1024\" data-height=\"683\" aria-label=\"\" role=\"img\" ><\/div>\n\t\t\t\t\t\t\t\t\t\t\t\t\t\t<\/a>\n\t\t\t\t\t\t\t<a class=\"e-gallery-item elementor-gallery-item elementor-animated-content\" href=\"https:\/\/www.mvz-wiesloch.de\/wp-content\/uploads\/2021\/07\/Ambiente_Sprechzimmer_OG4_AL3I7008bearb_quadrat.jpg\" data-elementor-open-lightbox=\"yes\" data-elementor-lightbox-slideshow=\"68c6773a\" data-elementor-lightbox-title=\"Ambiente_Sprechzimmer_OG4_AL3I7008bearb_quadrat.jpg\" data-e-action-hash=\"#elementor-action%3Aaction%3Dlightbox%26settings%3DeyJpZCI6NDgyMiwidXJsIjoiaHR0cHM6XC9cL3d3dy5tdnotd2llc2xvY2guZGVcL3dwLWNvbnRlbnRcL3VwbG9hZHNcLzIwMjFcLzA3XC9BbWJpZW50ZV9TcHJlY2h6aW1tZXJfT0c0X0FMM0k3MDA4YmVhcmJfcXVhZHJhdC5qcGciLCJzbGlkZXNob3ciOiI2OGM2NzczYSJ9\">\n\t\t\t\t\t<div class=\"e-gallery-image elementor-gallery-item__image\" data-thumbnail=\"https:\/\/www.mvz-wiesloch.de\/wp-content\/uploads\/2021\/07\/Ambiente_Sprechzimmer_OG4_AL3I7008bearb_quadrat-1024x1024.jpg\" data-width=\"1024\" data-height=\"1024\" aria-label=\"\" role=\"img\" ><\/div>\n\t\t\t\t\t\t\t\t\t\t\t\t\t\t<\/a>\n\t\t\t\t\t<\/div>\n\t\t\t\t\t<\/div>\n\t\t\t\t<\/div>\n\t\t\t\t\t<\/div>\n\t\t<\/div>\n\t\t\t\t\t<\/div>\n\t\t<\/section>\n\t\t\t\t<\/div>\n\t\t","protected":false},"excerpt":{"rendered":"<p>Dr. med. Nicole Engel Dahiliye uzman\u0131 biyografi Heidelberg \u00dcniversitesi&#8217;nde insan t\u0131bb\u0131 ve devlet muayenesi \u00e7al\u0131\u015fmas\u0131 Heidelberg \u00dcniversitesi N\u00f6roloji Klini\u011finde Doktora GRN-Klinik Sinsheim&#8217;da dahiliye alan\u0131nda klinik asistan doktor Uzmanl\u0131k sertifikas\u0131: dahiliye (2009) Ek nitelik: acil t\u0131p; acil doktor olarak uzun y\u0131llara dayanan deneyim GRN-Klinik Sinsheim&#8217;da dahili acil servis ba\u015fhekimi 2013&#8217;ten beri MVZ Wiesloch&#8217;ta \u00e7al\u0131\u015f\u0131yor Konular \/ [&hellip;]<\/p>\n","protected":false},"author":1,"featured_media":0,"parent":0,"menu_order":0,"comment_status":"closed","ping_status":"closed","template":"elementor_header_footer","meta":{"inline_featured_image":false,"site-sidebar-layout":"no-sidebar","site-content-layout":"page-builder","ast-site-content-layout":"default","site-content-style":"default","site-sidebar-style":"default","ast-global-header-display":"","ast-banner-title-visibility":"","ast-main-header-display":"","ast-hfb-above-header-display":"","ast-hfb-below-header-display":"","ast-hfb-mobile-header-display":"","site-post-title":"disabled","ast-breadcrumbs-content":"disabled","ast-featured-img":"disabled","footer-sml-layout":"disabled","ast-disable-related-posts":"","theme-transparent-header-meta":"default","adv-header-id-meta":"","stick-header-meta":"","header-above-stick-meta":"","header-main-stick-meta":"","header-below-stick-meta":"","astra-migrate-meta-layouts":"default","ast-page-background-enabled":"default","ast-page-background-meta":{"desktop":{"background-color":"","background-image":"","background-repeat":"repeat","background-position":"center center","background-size":"auto","background-attachment":"scroll","background-type":"","background-media":"","overlay-type":"","overlay-color":"","overlay-opacity":"","overlay-gradient":""},"tablet":{"background-color":"","background-image":"","background-repeat":"repeat","background-position":"center center","background-size":"auto","background-attachment":"scroll","background-type":"","background-media":"","overlay-type":"","overlay-color":"","overlay-opacity":"","overlay-gradient":""},"mobile":{"background-color":"","background-image":"","background-repeat":"repeat","background-position":"center center","background-size":"auto","background-attachment":"scroll","background-type":"","background-media":"","overlay-type":"","overlay-color":"","overlay-opacity":"","overlay-gradient":""}},"ast-content-background-meta":{"desktop":{"background-color":"var(--ast-global-color-5)","background-image":"","background-repeat":"repeat","background-position":"center center","background-size":"auto","background-attachment":"scroll","background-type":"","background-media":"","overlay-type":"","overlay-color":"","overlay-opacity":"","overlay-gradient":""},"tablet":{"background-color":"var(--ast-global-color-5)","background-image":"","background-repeat":"repeat","background-position":"center center","background-size":"auto","background-attachment":"scroll","background-type":"","background-media":"","overlay-type":"","overlay-color":"","overlay-opacity":"","overlay-gradient":""},"mobile":{"background-color":"var(--ast-global-color-5)","background-image":"","background-repeat":"repeat","background-position":"center center","background-size":"auto","background-attachment":"scroll","background-type":"","background-media":"","overlay-type":"","overlay-color":"","overlay-opacity":"","overlay-gradient":""}},"footnotes":""},"class_list":["post-6596","page","type-page","status-publish","hentry"],"_links":{"self":[{"href":"https:\/\/www.mvz-wiesloch.de\/tr\/wp-json\/wp\/v2\/pages\/6596","targetHints":{"allow":["GET"]}}],"collection":[{"href":"https:\/\/www.mvz-wiesloch.de\/tr\/wp-json\/wp\/v2\/pages"}],"about":[{"href":"https:\/\/www.mvz-wiesloch.de\/tr\/wp-json\/wp\/v2\/types\/page"}],"author":[{"embeddable":true,"href":"https:\/\/www.mvz-wiesloch.de\/tr\/wp-json\/wp\/v2\/users\/1"}],"replies":[{"embeddable":true,"href":"https:\/\/www.mvz-wiesloch.de\/tr\/wp-json\/wp\/v2\/comments?post=6596"}],"version-history":[{"count":0,"href":"https:\/\/www.mvz-wiesloch.de\/tr\/wp-json\/wp\/v2\/pages\/6596\/revisions"}],"wp:attachment":[{"href":"https:\/\/www.mvz-wiesloch.de\/tr\/wp-json\/wp\/v2\/media?parent=6596"}],"curies":[{"name":"wp","href":"https:\/\/api.w.org\/{rel}","templated":true}]}}