{"id":12445,"date":"2023-04-25T21:33:09","date_gmt":"2023-04-25T19:33:09","guid":{"rendered":"https:\/\/www.mvz-wiesloch.de\/florian-stock-md\/"},"modified":"2025-03-20T18:27:47","modified_gmt":"2025-03-20T17:27:47","slug":"florian-stock-md","status":"publish","type":"page","link":"https:\/\/www.mvz-wiesloch.de\/tr\/florian-stock-md\/","title":{"rendered":"Florian Stock, MD"},"content":{"rendered":"\t\t<div data-elementor-type=\"wp-page\" data-elementor-id=\"12445\" class=\"elementor elementor-12445 elementor-12318\" data-elementor-post-type=\"page\">\n\t\t\t\t\t\t<section class=\"elementor-section elementor-top-section elementor-element elementor-element-44089974 elementor-section-boxed elementor-section-height-default elementor-section-height-default\" data-id=\"44089974\" data-element_type=\"section\" data-e-type=\"section\" data-settings=\"{&quot;background_background&quot;:&quot;classic&quot;}\">\n\t\t\t\t\t\t\t<div class=\"elementor-background-overlay\"><\/div>\n\t\t\t\t\t\t\t<div class=\"elementor-container elementor-column-gap-default\">\n\t\t\t\t\t<div class=\"elementor-column elementor-col-100 elementor-top-column elementor-element elementor-element-264e8b19\" data-id=\"264e8b19\" data-element_type=\"column\" data-e-type=\"column\">\n\t\t\t<div class=\"elementor-widget-wrap elementor-element-populated\">\n\t\t\t\t\t\t<div class=\"elementor-element elementor-element-66539500 elementor-widget elementor-widget-heading\" data-id=\"66539500\" data-element_type=\"widget\" data-e-type=\"widget\" data-widget_type=\"heading.default\">\n\t\t\t\t<div class=\"elementor-widget-container\">\n\t\t\t\t\t<h1 class=\"elementor-heading-title elementor-size-default\">Florian Stock, MD<\/h1>\t\t\t\t<\/div>\n\t\t\t\t<\/div>\n\t\t\t\t<div class=\"elementor-element elementor-element-70950b1a elementor-widget elementor-widget-heading\" data-id=\"70950b1a\" data-element_type=\"widget\" data-e-type=\"widget\" data-widget_type=\"heading.default\">\n\t\t\t\t<div class=\"elementor-widget-container\">\n\t\t\t\t\t<h2 class=\"elementor-heading-title elementor-size-default\">\n\u0130\u00e7 hastal\u0131klar\u0131 uzman\u0131 Kardiyoloji alan\u0131nda uzmanla\u015fm\u0131\u015f\n<\/h2>\t\t\t\t<\/div>\n\t\t\t\t<\/div>\n\t\t\t\t\t<\/div>\n\t\t<\/div>\n\t\t\t\t\t<\/div>\n\t\t<\/section>\n\t\t\t\t<section class=\"elementor-section elementor-top-section elementor-element elementor-element-2482b031 elementor-reverse-mobile elementor-section-boxed elementor-section-height-default elementor-section-height-default\" data-id=\"2482b031\" data-element_type=\"section\" data-e-type=\"section\">\n\t\t\t\t\t\t<div class=\"elementor-container elementor-column-gap-default\">\n\t\t\t\t\t<div class=\"elementor-column elementor-col-66 elementor-top-column elementor-element elementor-element-78f5b9f6\" data-id=\"78f5b9f6\" data-element_type=\"column\" data-e-type=\"column\">\n\t\t\t<div class=\"elementor-widget-wrap elementor-element-populated\">\n\t\t\t\t\t\t<div class=\"elementor-element elementor-element-8acc8f0 elementor-widget elementor-widget-heading\" data-id=\"8acc8f0\" data-element_type=\"widget\" data-e-type=\"widget\" data-widget_type=\"heading.default\">\n\t\t\t\t<div class=\"elementor-widget-container\">\n\t\t\t\t\t<h3 class=\"elementor-heading-title elementor-size-default\">biyografi<\/h3>\t\t\t\t<\/div>\n\t\t\t\t<\/div>\n\t\t\t\t<div class=\"elementor-element elementor-element-1e956ea4 elementor-widget elementor-widget-text-editor\" data-id=\"1e956ea4\" data-element_type=\"widget\" data-e-type=\"widget\" data-widget_type=\"text-editor.default\">\n\t\t\t\t<div class=\"elementor-widget-container\">\n\t\t\t\t\t\t\t\t\t<ul>\n<li>Heidelberg \u00dcniversitesi&#8217;nde be\u015feri t\u0131p e\u011fitimi, Heidelberg \u00dcniversitesi&#8217;nde devlet s\u0131nav\u0131<\/li>\n<li>Klinikum Ostallg\u00e4u Kaufbeuren&#8217;de kardiyoloji, Heidelberg ve Mannheim \u00dcniversite Hastanelerinde i\u00e7 hastal\u0131klar\u0131 ve kardiyoloji ve spor hekimli\u011fi klinik ihtisas\u0131<\/li>\n<li>2021&#8217;den beri i\u00e7 hastal\u0131klar\u0131 ve kardiyoloji alan\u0131nda uzmanl\u0131k yeterlili\u011fi<\/li>\n<li>2023&#8217;ten beri MVZ Wiesloch&#8217;ta aktif<\/li>\n<\/ul>\n\t\t\t\t\t\t\t\t<\/div>\n\t\t\t\t<\/div>\n\t\t\t\t<div class=\"elementor-element elementor-element-2e6dc159 elementor-widget elementor-widget-heading\" data-id=\"2e6dc159\" data-element_type=\"widget\" data-e-type=\"widget\" data-widget_type=\"heading.default\">\n\t\t\t\t<div class=\"elementor-widget-container\">\n\t\t\t\t\t<h3 class=\"elementor-heading-title elementor-size-default\">Konular \/ nitelikler\n<\/h3>\t\t\t\t<\/div>\n\t\t\t\t<\/div>\n\t\t\t\t<div class=\"elementor-element elementor-element-992c057 elementor-widget elementor-widget-text-editor\" data-id=\"992c057\" data-element_type=\"widget\" data-e-type=\"widget\" data-widget_type=\"text-editor.default\">\n\t\t\t\t<div class=\"elementor-widget-container\">\n\t\t\t\t\t\t\t\t\t<ul>\n<li>Dahiliye<\/li>\n<li>kardiyoloji<\/li>\n<li>Spor ilac\u0131<\/li>\n<\/ul>\n\t\t\t\t\t\t\t\t<\/div>\n\t\t\t\t<\/div>\n\t\t\t\t<div class=\"elementor-element elementor-element-5649664b elementor-widget elementor-widget-heading\" data-id=\"5649664b\" data-element_type=\"widget\" data-e-type=\"widget\" data-widget_type=\"heading.default\">\n\t\t\t\t<div class=\"elementor-widget-container\">\n\t\t\t\t\t<h3 class=\"elementor-heading-title elementor-size-default\">Ba\u015fl\u0131ca faaliyet alanlar\u0131\n<\/h3>\t\t\t\t<\/div>\n\t\t\t\t<\/div>\n\t\t\t\t<div class=\"elementor-element elementor-element-6e0326da elementor-widget elementor-widget-text-editor\" data-id=\"6e0326da\" data-element_type=\"widget\" data-e-type=\"widget\" data-widget_type=\"text-editor.default\">\n\t\t\t\t<div class=\"elementor-widget-container\">\n\t\t\t\t\t\t\t\t\t<ul>\n<li>Spor ilac\u0131<\/li>\n<li>Kalp pili te\u015fhisi ile kardiyoloji<\/li>\n<\/ul>\n\t\t\t\t\t\t\t\t<\/div>\n\t\t\t\t<\/div>\n\t\t\t\t\t<\/div>\n\t\t<\/div>\n\t\t\t\t<div class=\"elementor-column elementor-col-33 elementor-top-column elementor-element elementor-element-55d8ce31\" data-id=\"55d8ce31\" data-element_type=\"column\" data-e-type=\"column\">\n\t\t\t<div class=\"elementor-widget-wrap elementor-element-populated\">\n\t\t\t\t\t\t<div class=\"elementor-element elementor-element-698b1a01 elementor-widget elementor-widget-image\" data-id=\"698b1a01\" data-element_type=\"widget\" data-e-type=\"widget\" data-widget_type=\"image.default\">\n\t\t\t\t<div class=\"elementor-widget-container\">\n\t\t\t\t\t\t\t\t\t\t\t\t\t\t\t<img fetchpriority=\"high\" decoding=\"async\" width=\"1024\" height=\"683\" src=\"https:\/\/www.mvz-wiesloch.de\/wp-content\/uploads\/2024\/09\/Florian_Stock-1024x683.jpg\" class=\"attachment-large size-large wp-image-14054\" alt=\"\" srcset=\"https:\/\/www.mvz-wiesloch.de\/wp-content\/uploads\/2024\/09\/Florian_Stock-1024x683.jpg 1024w, https:\/\/www.mvz-wiesloch.de\/wp-content\/uploads\/2024\/09\/Florian_Stock-300x200.jpg 300w, https:\/\/www.mvz-wiesloch.de\/wp-content\/uploads\/2024\/09\/Florian_Stock-768x512.jpg 768w, https:\/\/www.mvz-wiesloch.de\/wp-content\/uploads\/2024\/09\/Florian_Stock-1536x1024.jpg 1536w, https:\/\/www.mvz-wiesloch.de\/wp-content\/uploads\/2024\/09\/Florian_Stock.jpg 1920w\" sizes=\"(max-width: 1024px) 100vw, 1024px\" \/>\t\t\t\t\t\t\t\t\t\t\t\t\t\t\t<\/div>\n\t\t\t\t<\/div>\n\t\t\t\t<div class=\"elementor-element elementor-element-6de8f6ba elementor-widget elementor-widget-heading\" data-id=\"6de8f6ba\" data-element_type=\"widget\" data-e-type=\"widget\" data-widget_type=\"heading.default\">\n\t\t\t\t<div class=\"elementor-widget-container\">\n\t\t\t\t\t<h1 class=\"elementor-heading-title elementor-size-default\">Florian Stock, MD<\/h1>\t\t\t\t<\/div>\n\t\t\t\t<\/div>\n\t\t\t\t<div class=\"elementor-element elementor-element-28e550c elementor-widget elementor-widget-heading\" data-id=\"28e550c\" data-element_type=\"widget\" data-e-type=\"widget\" data-widget_type=\"heading.default\">\n\t\t\t\t<div class=\"elementor-widget-container\">\n\t\t\t\t\t<h2 class=\"elementor-heading-title elementor-size-default\"><\/br>\n\u0130\u00e7 hastal\u0131klar\u0131 uzman\u0131 Kardiyoloji alan\u0131nda uzmanla\u015fm\u0131\u015f\n<\/h2>\t\t\t\t<\/div>\n\t\t\t\t<\/div>\n\t\t\t\t<div class=\"elementor-element elementor-element-70021e4 elementor-widget elementor-widget-spacer\" data-id=\"70021e4\" data-element_type=\"widget\" data-e-type=\"widget\" data-widget_type=\"spacer.default\">\n\t\t\t\t<div class=\"elementor-widget-container\">\n\t\t\t\t\t\t\t<div class=\"elementor-spacer\">\n\t\t\t<div class=\"elementor-spacer-inner\"><\/div>\n\t\t<\/div>\n\t\t\t\t\t\t<\/div>\n\t\t\t\t<\/div>\n\t\t\t\t\t<\/div>\n\t\t<\/div>\n\t\t\t\t\t<\/div>\n\t\t<\/section>\n\t\t\t\t<section class=\"elementor-section elementor-top-section elementor-element elementor-element-6654efda elementor-section-boxed elementor-section-height-default elementor-section-height-default\" data-id=\"6654efda\" data-element_type=\"section\" data-e-type=\"section\">\n\t\t\t\t\t\t<div class=\"elementor-container elementor-column-gap-default\">\n\t\t\t\t\t<div class=\"elementor-column elementor-col-100 elementor-top-column elementor-element elementor-element-71d18eb3\" data-id=\"71d18eb3\" data-element_type=\"column\" data-e-type=\"column\">\n\t\t\t<div class=\"elementor-widget-wrap elementor-element-populated\">\n\t\t\t\t\t\t<div class=\"elementor-element elementor-element-64b8b926 elementor-widget elementor-widget-spacer\" data-id=\"64b8b926\" data-element_type=\"widget\" data-e-type=\"widget\" data-widget_type=\"spacer.default\">\n\t\t\t\t<div class=\"elementor-widget-container\">\n\t\t\t\t\t\t\t<div class=\"elementor-spacer\">\n\t\t\t<div class=\"elementor-spacer-inner\"><\/div>\n\t\t<\/div>\n\t\t\t\t\t\t<\/div>\n\t\t\t\t<\/div>\n\t\t\t\t<div class=\"elementor-element elementor-element-197b80be elementor-widget elementor-widget-heading\" data-id=\"197b80be\" data-element_type=\"widget\" data-e-type=\"widget\" data-widget_type=\"heading.default\">\n\t\t\t\t<div class=\"elementor-widget-container\">\n\t\t\t\t\t<h3 class=\"elementor-heading-title elementor-size-default\">bizim uygulamam\u0131z<\/h3>\t\t\t\t<\/div>\n\t\t\t\t<\/div>\n\t\t\t\t<div class=\"elementor-element elementor-element-5fba59d8 elementor-widget elementor-widget-gallery\" data-id=\"5fba59d8\" data-element_type=\"widget\" data-e-type=\"widget\" data-settings=\"{&quot;gap&quot;:{&quot;unit&quot;:&quot;px&quot;,&quot;size&quot;:0,&quot;sizes&quot;:[]},&quot;columns_mobile&quot;:2,&quot;lazyload&quot;:&quot;yes&quot;,&quot;gallery_layout&quot;:&quot;grid&quot;,&quot;columns&quot;:4,&quot;columns_tablet&quot;:2,&quot;gap_tablet&quot;:{&quot;unit&quot;:&quot;px&quot;,&quot;size&quot;:10,&quot;sizes&quot;:[]},&quot;gap_mobile&quot;:{&quot;unit&quot;:&quot;px&quot;,&quot;size&quot;:10,&quot;sizes&quot;:[]},&quot;link_to&quot;:&quot;file&quot;,&quot;aspect_ratio&quot;:&quot;3:2&quot;,&quot;content_hover_animation&quot;:&quot;fade-in&quot;}\" data-widget_type=\"gallery.default\">\n\t\t\t\t<div class=\"elementor-widget-container\">\n\t\t\t\t\t\t\t<div class=\"elementor-gallery__container\">\n\t\t\t\t\t\t\t<a class=\"e-gallery-item elementor-gallery-item elementor-animated-content\" href=\"https:\/\/www.mvz-wiesloch.de\/wp-content\/uploads\/2021\/07\/Angiologie_IK.jpg\" data-elementor-open-lightbox=\"yes\" data-elementor-lightbox-slideshow=\"5fba59d8\" data-elementor-lightbox-title=\"Angiologie_IK.jpg\" data-e-action-hash=\"#elementor-action%3Aaction%3Dlightbox%26settings%3DeyJpZCI6NDgxNiwidXJsIjoiaHR0cHM6XC9cL3d3dy5tdnotd2llc2xvY2guZGVcL3dwLWNvbnRlbnRcL3VwbG9hZHNcLzIwMjFcLzA3XC9Bbmdpb2xvZ2llX0lLLmpwZyIsInNsaWRlc2hvdyI6IjVmYmE1OWQ4In0%3D\">\n\t\t\t\t\t<div class=\"e-gallery-image elementor-gallery-item__image\" data-thumbnail=\"https:\/\/www.mvz-wiesloch.de\/wp-content\/uploads\/2021\/07\/Angiologie_IK-1024x346.jpg\" data-width=\"1024\" data-height=\"346\" aria-label=\"\" role=\"img\" ><\/div>\n\t\t\t\t\t\t\t\t\t\t\t\t\t\t<\/a>\n\t\t\t\t\t\t\t<a class=\"e-gallery-item elementor-gallery-item elementor-animated-content\" href=\"https:\/\/www.mvz-wiesloch.de\/wp-content\/uploads\/2021\/07\/Team_Arzte_AL3I8812bearb-scaled-1.jpg\" data-elementor-open-lightbox=\"yes\" data-elementor-lightbox-slideshow=\"5fba59d8\" data-elementor-lightbox-title=\"Team_Arzte_AL3I8812bearb-scaled.jpg\" data-e-action-hash=\"#elementor-action%3Aaction%3Dlightbox%26settings%3DeyJpZCI6NDgyMywidXJsIjoiaHR0cHM6XC9cL3d3dy5tdnotd2llc2xvY2guZGVcL3dwLWNvbnRlbnRcL3VwbG9hZHNcLzIwMjFcLzA3XC9UZWFtX0FyenRlX0FMM0k4ODEyYmVhcmItc2NhbGVkLTEuanBnIiwic2xpZGVzaG93IjoiNWZiYTU5ZDgifQ%3D%3D\">\n\t\t\t\t\t<div class=\"e-gallery-image elementor-gallery-item__image\" data-thumbnail=\"https:\/\/www.mvz-wiesloch.de\/wp-content\/uploads\/2021\/07\/Team_Arzte_AL3I8812bearb-scaled-1-1024x1024.jpg\" data-width=\"1024\" data-height=\"1024\" aria-label=\"\" role=\"img\" ><\/div>\n\t\t\t\t\t\t\t\t\t\t\t\t\t\t<\/a>\n\t\t\t\t\t\t\t<a class=\"e-gallery-item elementor-gallery-item elementor-animated-content\" href=\"https:\/\/www.mvz-wiesloch.de\/wp-content\/uploads\/2021\/07\/Anmeldung_Ambulanz_EG_AL3I8394bearb.jpg\" data-elementor-open-lightbox=\"yes\" data-elementor-lightbox-slideshow=\"5fba59d8\" data-elementor-lightbox-title=\"Anmeldung_Ambulanz_EG_AL3I8394bearb.jpg\" data-e-action-hash=\"#elementor-action%3Aaction%3Dlightbox%26settings%3DeyJpZCI6NDgxNywidXJsIjoiaHR0cHM6XC9cL3d3dy5tdnotd2llc2xvY2guZGVcL3dwLWNvbnRlbnRcL3VwbG9hZHNcLzIwMjFcLzA3XC9Bbm1lbGR1bmdfQW1idWxhbnpfRUdfQUwzSTgzOTRiZWFyYi5qcGciLCJzbGlkZXNob3ciOiI1ZmJhNTlkOCJ9\">\n\t\t\t\t\t<div class=\"e-gallery-image elementor-gallery-item__image\" data-thumbnail=\"https:\/\/www.mvz-wiesloch.de\/wp-content\/uploads\/2021\/07\/Anmeldung_Ambulanz_EG_AL3I8394bearb-1024x1024.jpg\" data-width=\"1024\" data-height=\"1024\" aria-label=\"\" role=\"img\" ><\/div>\n\t\t\t\t\t\t\t\t\t\t\t\t\t\t<\/a>\n\t\t\t\t\t\t\t<a class=\"e-gallery-item elementor-gallery-item elementor-animated-content\" href=\"https:\/\/www.mvz-wiesloch.de\/wp-content\/uploads\/2021\/07\/Ambiente_Statue_OG4_AL3I6965bearb-scaled-1.jpg\" data-elementor-open-lightbox=\"yes\" data-elementor-lightbox-slideshow=\"5fba59d8\" data-elementor-lightbox-title=\"Ambiente_Statue_OG4_AL3I6965bearb-scaled.jpg\" data-e-action-hash=\"#elementor-action%3Aaction%3Dlightbox%26settings%3DeyJpZCI6NDgyMSwidXJsIjoiaHR0cHM6XC9cL3d3dy5tdnotd2llc2xvY2guZGVcL3dwLWNvbnRlbnRcL3VwbG9hZHNcLzIwMjFcLzA3XC9BbWJpZW50ZV9TdGF0dWVfT0c0X0FMM0k2OTY1YmVhcmItc2NhbGVkLTEuanBnIiwic2xpZGVzaG93IjoiNWZiYTU5ZDgifQ%3D%3D\">\n\t\t\t\t\t<div class=\"e-gallery-image elementor-gallery-item__image\" data-thumbnail=\"https:\/\/www.mvz-wiesloch.de\/wp-content\/uploads\/2021\/07\/Ambiente_Statue_OG4_AL3I6965bearb-scaled-1-1024x683.jpg\" data-width=\"1024\" data-height=\"683\" aria-label=\"\" role=\"img\" ><\/div>\n\t\t\t\t\t\t\t\t\t\t\t\t\t\t<\/a>\n\t\t\t\t\t\t\t<a class=\"e-gallery-item elementor-gallery-item elementor-animated-content\" href=\"https:\/\/www.mvz-wiesloch.de\/wp-content\/uploads\/2021\/07\/Anmeldung_Kardiologie_OG3_1_AL3I7441bearb_quadrat.jpg\" data-elementor-open-lightbox=\"yes\" data-elementor-lightbox-slideshow=\"5fba59d8\" data-elementor-lightbox-title=\"Anmeldung_Kardiologie_OG3_1_AL3I7441bearb_quadrat.jpg\" data-e-action-hash=\"#elementor-action%3Aaction%3Dlightbox%26settings%3DeyJpZCI6NDgxNSwidXJsIjoiaHR0cHM6XC9cL3d3dy5tdnotd2llc2xvY2guZGVcL3dwLWNvbnRlbnRcL3VwbG9hZHNcLzIwMjFcLzA3XC9Bbm1lbGR1bmdfS2FyZGlvbG9naWVfT0czXzFfQUwzSTc0NDFiZWFyYl9xdWFkcmF0LmpwZyIsInNsaWRlc2hvdyI6IjVmYmE1OWQ4In0%3D\">\n\t\t\t\t\t<div class=\"e-gallery-image elementor-gallery-item__image\" data-thumbnail=\"https:\/\/www.mvz-wiesloch.de\/wp-content\/uploads\/2021\/07\/Anmeldung_Kardiologie_OG3_1_AL3I7441bearb_quadrat-1024x1024.jpg\" data-width=\"1024\" data-height=\"1024\" aria-label=\"\" role=\"img\" ><\/div>\n\t\t\t\t\t\t\t\t\t\t\t\t\t\t<\/a>\n\t\t\t\t\t\t\t<a class=\"e-gallery-item elementor-gallery-item elementor-animated-content\" href=\"https:\/\/www.mvz-wiesloch.de\/wp-content\/uploads\/2021\/07\/Anmeldung_Innere-Medizin_OG4_AL3I6750bearb2_quadrat.jpg\" data-elementor-open-lightbox=\"yes\" data-elementor-lightbox-slideshow=\"5fba59d8\" data-elementor-lightbox-title=\"Anmeldung_Innere-Medizin_OG4_AL3I6750bearb2_quadrat.jpg\" data-e-action-hash=\"#elementor-action%3Aaction%3Dlightbox%26settings%3DeyJpZCI6NDgxNCwidXJsIjoiaHR0cHM6XC9cL3d3dy5tdnotd2llc2xvY2guZGVcL3dwLWNvbnRlbnRcL3VwbG9hZHNcLzIwMjFcLzA3XC9Bbm1lbGR1bmdfSW5uZXJlLU1lZGl6aW5fT0c0X0FMM0k2NzUwYmVhcmIyX3F1YWRyYXQuanBnIiwic2xpZGVzaG93IjoiNWZiYTU5ZDgifQ%3D%3D\">\n\t\t\t\t\t<div class=\"e-gallery-image elementor-gallery-item__image\" data-thumbnail=\"https:\/\/www.mvz-wiesloch.de\/wp-content\/uploads\/2021\/07\/Anmeldung_Innere-Medizin_OG4_AL3I6750bearb2_quadrat-1024x1024.jpg\" data-width=\"1024\" data-height=\"1024\" aria-label=\"\" role=\"img\" ><\/div>\n\t\t\t\t\t\t\t\t\t\t\t\t\t\t<\/a>\n\t\t\t\t\t\t\t<a class=\"e-gallery-item elementor-gallery-item elementor-animated-content\" href=\"https:\/\/www.mvz-wiesloch.de\/wp-content\/uploads\/2021\/07\/Ambiente_Sprechzimmer_OG4_AL3I7008bearb_quadrat.jpg\" data-elementor-open-lightbox=\"yes\" data-elementor-lightbox-slideshow=\"5fba59d8\" data-elementor-lightbox-title=\"Ambiente_Sprechzimmer_OG4_AL3I7008bearb_quadrat.jpg\" data-e-action-hash=\"#elementor-action%3Aaction%3Dlightbox%26settings%3DeyJpZCI6NDgyMiwidXJsIjoiaHR0cHM6XC9cL3d3dy5tdnotd2llc2xvY2guZGVcL3dwLWNvbnRlbnRcL3VwbG9hZHNcLzIwMjFcLzA3XC9BbWJpZW50ZV9TcHJlY2h6aW1tZXJfT0c0X0FMM0k3MDA4YmVhcmJfcXVhZHJhdC5qcGciLCJzbGlkZXNob3ciOiI1ZmJhNTlkOCJ9\">\n\t\t\t\t\t<div class=\"e-gallery-image elementor-gallery-item__image\" data-thumbnail=\"https:\/\/www.mvz-wiesloch.de\/wp-content\/uploads\/2021\/07\/Ambiente_Sprechzimmer_OG4_AL3I7008bearb_quadrat-1024x1024.jpg\" data-width=\"1024\" data-height=\"1024\" aria-label=\"\" role=\"img\" ><\/div>\n\t\t\t\t\t\t\t\t\t\t\t\t\t\t<\/a>\n\t\t\t\t\t\t\t<a class=\"e-gallery-item elementor-gallery-item elementor-animated-content\" href=\"https:\/\/www.mvz-wiesloch.de\/wp-content\/uploads\/2021\/06\/Team_gesamt_AL3I8763-Kopiebearb-scaled-1-e1625071096786.jpg\" data-elementor-open-lightbox=\"yes\" data-elementor-lightbox-slideshow=\"5fba59d8\" data-elementor-lightbox-title=\"MVZ-Team gesamt\" data-elementor-lightbox-description=\"Das Team des MVZ Wiesloch\" data-e-action-hash=\"#elementor-action%3Aaction%3Dlightbox%26settings%3DeyJpZCI6MTU5NSwidXJsIjoiaHR0cHM6XC9cL3d3dy5tdnotd2llc2xvY2guZGVcL3dwLWNvbnRlbnRcL3VwbG9hZHNcLzIwMjFcLzA2XC9UZWFtX2dlc2FtdF9BTDNJODc2My1Lb3BpZWJlYXJiLXNjYWxlZC0xLWUxNjI1MDcxMDk2Nzg2LmpwZyIsInNsaWRlc2hvdyI6IjVmYmE1OWQ4In0%3D\">\n\t\t\t\t\t<div class=\"e-gallery-image elementor-gallery-item__image\" data-thumbnail=\"https:\/\/www.mvz-wiesloch.de\/wp-content\/uploads\/2021\/06\/Team_gesamt_AL3I8763-Kopiebearb-scaled-1-e1625071096786-1024x670.jpg\" data-width=\"1024\" data-height=\"670\" aria-label=\"\" role=\"img\" ><\/div>\n\t\t\t\t\t\t\t\t\t\t\t\t\t\t<\/a>\n\t\t\t\t\t<\/div>\n\t\t\t\t\t<\/div>\n\t\t\t\t<\/div>\n\t\t\t\t\t<\/div>\n\t\t<\/div>\n\t\t\t\t\t<\/div>\n\t\t<\/section>\n\t\t\t\t<\/div>\n\t\t","protected":false},"excerpt":{"rendered":"<p>Florian Stock, MD \u0130\u00e7 hastal\u0131klar\u0131 uzman\u0131 Kardiyoloji alan\u0131nda uzmanla\u015fm\u0131\u015f biyografi Heidelberg \u00dcniversitesi&#8217;nde be\u015feri t\u0131p e\u011fitimi, Heidelberg \u00dcniversitesi&#8217;nde devlet s\u0131nav\u0131 Klinikum Ostallg\u00e4u Kaufbeuren&#8217;de kardiyoloji, Heidelberg ve Mannheim \u00dcniversite Hastanelerinde i\u00e7 hastal\u0131klar\u0131 ve kardiyoloji ve spor hekimli\u011fi klinik ihtisas\u0131 2021&#8217;den beri i\u00e7 hastal\u0131klar\u0131 ve kardiyoloji alan\u0131nda uzmanl\u0131k yeterlili\u011fi 2023&#8217;ten beri MVZ Wiesloch&#8217;ta aktif Konular \/ nitelikler Dahiliye [&hellip;]<\/p>\n","protected":false},"author":1,"featured_media":0,"parent":0,"menu_order":0,"comment_status":"closed","ping_status":"closed","template":"elementor_header_footer","meta":{"inline_featured_image":false,"site-sidebar-layout":"no-sidebar","site-content-layout":"page-builder","ast-site-content-layout":"default","site-content-style":"default","site-sidebar-style":"default","ast-global-header-display":"","ast-banner-title-visibility":"","ast-main-header-display":"","ast-hfb-above-header-display":"","ast-hfb-below-header-display":"","ast-hfb-mobile-header-display":"","site-post-title":"disabled","ast-breadcrumbs-content":"","ast-featured-img":"disabled","footer-sml-layout":"","ast-disable-related-posts":"","theme-transparent-header-meta":"default","adv-header-id-meta":"","stick-header-meta":"","header-above-stick-meta":"","header-main-stick-meta":"","header-below-stick-meta":"","astra-migrate-meta-layouts":"default","ast-page-background-enabled":"default","ast-page-background-meta":{"desktop":{"background-color":"","background-image":"","background-repeat":"repeat","background-position":"center center","background-size":"auto","background-attachment":"scroll","background-type":"","background-media":"","overlay-type":"","overlay-color":"","overlay-opacity":"","overlay-gradient":""},"tablet":{"background-color":"","background-image":"","background-repeat":"repeat","background-position":"center center","background-size":"auto","background-attachment":"scroll","background-type":"","background-media":"","overlay-type":"","overlay-color":"","overlay-opacity":"","overlay-gradient":""},"mobile":{"background-color":"","background-image":"","background-repeat":"repeat","background-position":"center center","background-size":"auto","background-attachment":"scroll","background-type":"","background-media":"","overlay-type":"","overlay-color":"","overlay-opacity":"","overlay-gradient":""}},"ast-content-background-meta":{"desktop":{"background-color":"var(--ast-global-color-5)","background-image":"","background-repeat":"repeat","background-position":"center center","background-size":"auto","background-attachment":"scroll","background-type":"","background-media":"","overlay-type":"","overlay-color":"","overlay-opacity":"","overlay-gradient":""},"tablet":{"background-color":"var(--ast-global-color-5)","background-image":"","background-repeat":"repeat","background-position":"center center","background-size":"auto","background-attachment":"scroll","background-type":"","background-media":"","overlay-type":"","overlay-color":"","overlay-opacity":"","overlay-gradient":""},"mobile":{"background-color":"var(--ast-global-color-5)","background-image":"","background-repeat":"repeat","background-position":"center center","background-size":"auto","background-attachment":"scroll","background-type":"","background-media":"","overlay-type":"","overlay-color":"","overlay-opacity":"","overlay-gradient":""}},"footnotes":""},"class_list":["post-12445","page","type-page","status-publish","hentry"],"_links":{"self":[{"href":"https:\/\/www.mvz-wiesloch.de\/tr\/wp-json\/wp\/v2\/pages\/12445","targetHints":{"allow":["GET"]}}],"collection":[{"href":"https:\/\/www.mvz-wiesloch.de\/tr\/wp-json\/wp\/v2\/pages"}],"about":[{"href":"https:\/\/www.mvz-wiesloch.de\/tr\/wp-json\/wp\/v2\/types\/page"}],"author":[{"embeddable":true,"href":"https:\/\/www.mvz-wiesloch.de\/tr\/wp-json\/wp\/v2\/users\/1"}],"replies":[{"embeddable":true,"href":"https:\/\/www.mvz-wiesloch.de\/tr\/wp-json\/wp\/v2\/comments?post=12445"}],"version-history":[{"count":0,"href":"https:\/\/www.mvz-wiesloch.de\/tr\/wp-json\/wp\/v2\/pages\/12445\/revisions"}],"wp:attachment":[{"href":"https:\/\/www.mvz-wiesloch.de\/tr\/wp-json\/wp\/v2\/media?parent=12445"}],"curies":[{"name":"wp","href":"https:\/\/api.w.org\/{rel}","templated":true}]}}