{"id":11538,"date":"2022-07-04T18:30:48","date_gmt":"2022-07-04T16:30:48","guid":{"rendered":"https:\/\/www.mvz-wiesloch.de\/dr-pieter-beks\/"},"modified":"2025-03-20T18:27:39","modified_gmt":"2025-03-20T17:27:39","slug":"dr-pieter-beks","status":"publish","type":"page","link":"https:\/\/www.mvz-wiesloch.de\/tr\/dr-pieter-beks\/","title":{"rendered":"Dr Pieter Beks"},"content":{"rendered":"\t\t<div data-elementor-type=\"wp-page\" data-elementor-id=\"11538\" class=\"elementor elementor-11538 elementor-11404\" data-elementor-post-type=\"page\">\n\t\t\t\t\t\t<section class=\"elementor-section elementor-top-section elementor-element elementor-element-122f7f97 elementor-section-boxed elementor-section-height-default elementor-section-height-default\" data-id=\"122f7f97\" data-element_type=\"section\" data-e-type=\"section\" data-settings=\"{&quot;background_background&quot;:&quot;classic&quot;}\">\n\t\t\t\t\t\t\t<div class=\"elementor-background-overlay\"><\/div>\n\t\t\t\t\t\t\t<div class=\"elementor-container elementor-column-gap-default\">\n\t\t\t\t\t<div class=\"elementor-column elementor-col-100 elementor-top-column elementor-element elementor-element-320bef7d\" data-id=\"320bef7d\" data-element_type=\"column\" data-e-type=\"column\">\n\t\t\t<div class=\"elementor-widget-wrap elementor-element-populated\">\n\t\t\t\t\t\t<div class=\"elementor-element elementor-element-3e6eb649 elementor-widget elementor-widget-heading\" data-id=\"3e6eb649\" data-element_type=\"widget\" data-e-type=\"widget\" data-widget_type=\"heading.default\">\n\t\t\t\t<div class=\"elementor-widget-container\">\n\t\t\t\t\t<h1 class=\"elementor-heading-title elementor-size-default\">Dr Pieter Beks, MD<\/h1>\t\t\t\t<\/div>\n\t\t\t\t<\/div>\n\t\t\t\t<div class=\"elementor-element elementor-element-34967ea4 elementor-widget elementor-widget-heading\" data-id=\"34967ea4\" data-element_type=\"widget\" data-e-type=\"widget\" data-widget_type=\"heading.default\">\n\t\t\t\t<div class=\"elementor-widget-container\">\n\t\t\t\t\t<h2 class=\"elementor-heading-title elementor-size-default\">Ortopedi uzman\u0131\n<\/h2>\t\t\t\t<\/div>\n\t\t\t\t<\/div>\n\t\t\t\t\t<\/div>\n\t\t<\/div>\n\t\t\t\t\t<\/div>\n\t\t<\/section>\n\t\t\t\t<section class=\"elementor-section elementor-top-section elementor-element elementor-element-110627d5 elementor-reverse-mobile elementor-section-boxed elementor-section-height-default elementor-section-height-default\" data-id=\"110627d5\" data-element_type=\"section\" data-e-type=\"section\">\n\t\t\t\t\t\t<div class=\"elementor-container elementor-column-gap-default\">\n\t\t\t\t\t<div class=\"elementor-column elementor-col-66 elementor-top-column elementor-element elementor-element-4c87a4d\" data-id=\"4c87a4d\" data-element_type=\"column\" data-e-type=\"column\">\n\t\t\t<div class=\"elementor-widget-wrap elementor-element-populated\">\n\t\t\t\t\t\t<div class=\"elementor-element elementor-element-4cf1b859 elementor-widget elementor-widget-heading\" data-id=\"4cf1b859\" data-element_type=\"widget\" data-e-type=\"widget\" data-widget_type=\"heading.default\">\n\t\t\t\t<div class=\"elementor-widget-container\">\n\t\t\t\t\t<h3 class=\"elementor-heading-title elementor-size-default\">biyografi<\/h3>\t\t\t\t<\/div>\n\t\t\t\t<\/div>\n\t\t\t\t<div class=\"elementor-element elementor-element-30358654 elementor-widget elementor-widget-text-editor\" data-id=\"30358654\" data-element_type=\"widget\" data-e-type=\"widget\" data-widget_type=\"text-editor.default\">\n\t\t\t\t<div class=\"elementor-widget-container\">\n\t\t\t\t\t\t\t\t\t<ul>\n<li>Bel\u00e7ika, Leuven \u00dcniversitesi&#8217;nde insan t\u0131bb\u0131 e\u011fitimi<\/li>\n<li>Leuven \u00dcniversitesi&#8217;nde devlet s\u0131nav\u0131 ve doktora<\/li>\n<li>Nordwestkrankenhaus Frankfurt am Main&#8217;de cerrahi klinik staj\u0131<\/li>\n<li>Dr. Horst Cotta ile Heidelberg Ortopedi \u00dcniversite Hastanesi&#8217;nde ortopedi uzmanl\u0131\u011f\u0131 e\u011fitimi<\/li>\n<li>Uzmanl\u0131k yeterlili\u011fi: Ortopedi (1991)<\/li>\n<li>Dres muayenehanesinin kurucu orta\u011f\u0131. Arza \/ Beks Heidelberg Atos Klini\u011finde<\/li>\n<li>Dres muayenehanesinin kurucu orta\u011f\u0131. Elisabeth Hastanesi&#8217;nde Arza, Beks, Huber ve Ridder (daha sonra Sportopaedie Heidelberg)  <\/li>\n<li>1991 &#8211; 2021: MERC (\u015fimdiki Adler Mannheim), VfR Mannheim, Waldhof Mannheim, Rhein Neckar L\u00f6wen, SV Sandhausen, 1899 Hoffenheim (burada ayn\u0131 zamanda Birinci Bundesliga&#8217;da sa\u011fl\u0131k departman\u0131 ba\u015fkan\u0131) ve di\u011ferleri i\u00e7in tak\u0131m doktoru olarak \u00e7al\u0131\u015ft\u0131.<\/li>\n<li>2022&#8217;den beri MVZ Wiesloch&#8217;ta ortopedi uzman\u0131 olarak \u00f6zel muayenehane<\/li>\n<\/ul>\n\t\t\t\t\t\t\t\t<\/div>\n\t\t\t\t<\/div>\n\t\t\t\t<div class=\"elementor-element elementor-element-4fc273cb elementor-widget elementor-widget-heading\" data-id=\"4fc273cb\" data-element_type=\"widget\" data-e-type=\"widget\" data-widget_type=\"heading.default\">\n\t\t\t\t<div class=\"elementor-widget-container\">\n\t\t\t\t\t<h3 class=\"elementor-heading-title elementor-size-default\">Konular \/ nitelikler\n<\/h3>\t\t\t\t<\/div>\n\t\t\t\t<\/div>\n\t\t\t\t<div class=\"elementor-element elementor-element-71adbb05 elementor-widget elementor-widget-text-editor\" data-id=\"71adbb05\" data-element_type=\"widget\" data-e-type=\"widget\" data-widget_type=\"text-editor.default\">\n\t\t\t\t<div class=\"elementor-widget-container\">\n\t\t\t\t\t\t\t\t\t<ul>\n<li>Ortopedi<\/li>\n<\/ul>\n\t\t\t\t\t\t\t\t<\/div>\n\t\t\t\t<\/div>\n\t\t\t\t<div class=\"elementor-element elementor-element-c941770 elementor-widget elementor-widget-heading\" data-id=\"c941770\" data-element_type=\"widget\" data-e-type=\"widget\" data-widget_type=\"heading.default\">\n\t\t\t\t<div class=\"elementor-widget-container\">\n\t\t\t\t\t<h3 class=\"elementor-heading-title elementor-size-default\">Ba\u015fl\u0131ca faaliyet alanlar\u0131\n<\/h3>\t\t\t\t<\/div>\n\t\t\t\t<\/div>\n\t\t\t\t<div class=\"elementor-element elementor-element-339e59a2 elementor-widget elementor-widget-text-editor\" data-id=\"339e59a2\" data-element_type=\"widget\" data-e-type=\"widget\" data-widget_type=\"text-editor.default\">\n\t\t\t\t<div class=\"elementor-widget-container\">\n\t\t\t\t\t\t\t\t\t<ul>\n<li>Spor yaralanmalar\u0131n\u0131n tedavisi<\/li>\n<li>Artritik eklem sorunlar\u0131n\u0131n tedavisi<\/li>\n<li>Kas disfonksiyonu tan\u0131s\u0131 i\u00e7in y\u00fczey EMG&#8217;si<\/li>\n<\/ul>\n\t\t\t\t\t\t\t\t<\/div>\n\t\t\t\t<\/div>\n\t\t\t\t<div class=\"elementor-element elementor-element-b1acb57 elementor-widget elementor-widget-heading\" data-id=\"b1acb57\" data-element_type=\"widget\" data-e-type=\"widget\" data-widget_type=\"heading.default\">\n\t\t\t\t<div class=\"elementor-widget-container\">\n\t\t\t\t\t<h3 class=\"elementor-heading-title elementor-size-default\">\u00fcyelikler\n<\/h3>\t\t\t\t<\/div>\n\t\t\t\t<\/div>\n\t\t\t\t<div class=\"elementor-element elementor-element-829ba3b elementor-widget elementor-widget-text-editor\" data-id=\"829ba3b\" data-element_type=\"widget\" data-e-type=\"widget\" data-widget_type=\"text-editor.default\">\n\t\t\t\t<div class=\"elementor-widget-container\">\n\t\t\t\t\t\t\t\t\t<ul>\n<li>Alman Ortopedi ve Travma Cerrahisi Derne\u011fi<\/li>\n<\/ul>\n\t\t\t\t\t\t\t\t<\/div>\n\t\t\t\t<\/div>\n\t\t\t\t\t<\/div>\n\t\t<\/div>\n\t\t\t\t<div class=\"elementor-column elementor-col-33 elementor-top-column elementor-element elementor-element-474b5cf6\" data-id=\"474b5cf6\" data-element_type=\"column\" data-e-type=\"column\">\n\t\t\t<div class=\"elementor-widget-wrap elementor-element-populated\">\n\t\t\t\t\t\t<div class=\"elementor-element elementor-element-72e879f4 elementor-widget elementor-widget-image\" data-id=\"72e879f4\" data-element_type=\"widget\" data-e-type=\"widget\" data-widget_type=\"image.default\">\n\t\t\t\t<div class=\"elementor-widget-container\">\n\t\t\t\t\t\t\t\t\t\t\t\t\t\t\t<img fetchpriority=\"high\" decoding=\"async\" width=\"768\" height=\"512\" src=\"https:\/\/www.mvz-wiesloch.de\/wp-content\/uploads\/2022\/07\/220705-MVZ_retusche-Beks-MS-01-768x512.jpg\" class=\"attachment-medium_large size-medium_large wp-image-11691\" alt=\"\" srcset=\"https:\/\/www.mvz-wiesloch.de\/wp-content\/uploads\/2022\/07\/220705-MVZ_retusche-Beks-MS-01-768x512.jpg 768w, https:\/\/www.mvz-wiesloch.de\/wp-content\/uploads\/2022\/07\/220705-MVZ_retusche-Beks-MS-01-300x200.jpg 300w, https:\/\/www.mvz-wiesloch.de\/wp-content\/uploads\/2022\/07\/220705-MVZ_retusche-Beks-MS-01-1024x683.jpg 1024w, https:\/\/www.mvz-wiesloch.de\/wp-content\/uploads\/2022\/07\/220705-MVZ_retusche-Beks-MS-01-1536x1024.jpg 1536w, https:\/\/www.mvz-wiesloch.de\/wp-content\/uploads\/2022\/07\/220705-MVZ_retusche-Beks-MS-01.jpg 1920w\" sizes=\"(max-width: 768px) 100vw, 768px\" \/>\t\t\t\t\t\t\t\t\t\t\t\t\t\t\t<\/div>\n\t\t\t\t<\/div>\n\t\t\t\t<div class=\"elementor-element elementor-element-2f35e245 elementor-widget elementor-widget-heading\" data-id=\"2f35e245\" data-element_type=\"widget\" data-e-type=\"widget\" data-widget_type=\"heading.default\">\n\t\t\t\t<div class=\"elementor-widget-container\">\n\t\t\t\t\t<h1 class=\"elementor-heading-title elementor-size-default\">Dr Pieter Beks, MD<\/h1>\t\t\t\t<\/div>\n\t\t\t\t<\/div>\n\t\t\t\t<div class=\"elementor-element elementor-element-c093a1e elementor-widget elementor-widget-heading\" data-id=\"c093a1e\" data-element_type=\"widget\" data-e-type=\"widget\" data-widget_type=\"heading.default\">\n\t\t\t\t<div class=\"elementor-widget-container\">\n\t\t\t\t\t<h2 class=\"elementor-heading-title elementor-size-default\">Ortopedi uzman\u0131\n<\/h2>\t\t\t\t<\/div>\n\t\t\t\t<\/div>\n\t\t\t\t<div class=\"elementor-element elementor-element-7eda37d9 elementor-widget elementor-widget-spacer\" data-id=\"7eda37d9\" data-element_type=\"widget\" data-e-type=\"widget\" data-widget_type=\"spacer.default\">\n\t\t\t\t<div class=\"elementor-widget-container\">\n\t\t\t\t\t\t\t<div class=\"elementor-spacer\">\n\t\t\t<div class=\"elementor-spacer-inner\"><\/div>\n\t\t<\/div>\n\t\t\t\t\t\t<\/div>\n\t\t\t\t<\/div>\n\t\t\t\t<div class=\"elementor-element elementor-element-32d51931 elementor-widget elementor-widget-text-editor\" data-id=\"32d51931\" data-element_type=\"widget\" data-e-type=\"widget\" data-widget_type=\"text-editor.default\">\n\t\t\t\t<div class=\"elementor-widget-container\">\n\t\t\t\t\t\t\t\t\t<div id=\"wpv-column-d7911f46b4114ef37303b411c8890a3c\" class=\"wpv-grid grid-3-4 first unextended\">\n<p>Ziyaretinizi \u00f6nceden duyurursan\u0131z &#8211; gerekirse k\u0131sa s\u00fcrede de &#8211; bekleme s\u00fcrelerini k\u0131saltmam\u0131za yard\u0131mc\u0131 olursunuz.<\/p>\n<\/div>\n\t\t\t\t\t\t\t\t<\/div>\n\t\t\t\t<\/div>\n\t\t\t\t<div class=\"elementor-element elementor-element-50a5caef elementor-align-center iconbtn elementor-widget elementor-widget-button\" data-id=\"50a5caef\" data-element_type=\"widget\" data-e-type=\"widget\" data-widget_type=\"button.default\">\n\t\t\t\t<div class=\"elementor-widget-container\">\n\t\t\t\t\t\t\t\t\t<div class=\"elementor-button-wrapper\">\n\t\t\t\t\t<a class=\"elementor-button elementor-button-link elementor-size-sm\" href=\"#elementor-action%3Aaction%3Dpopup%3Aopen%26settings%3DeyJpZCI6NjU3MiwidG9nZ2xlIjpmYWxzZX0%3D\">\n\t\t\t\t\t\t<span class=\"elementor-button-content-wrapper\">\n\t\t\t\t\t\t\t\t\t<span class=\"elementor-button-text\">Online randevu al\u0131n<\/span>\n\t\t\t\t\t<\/span>\n\t\t\t\t\t<\/a>\n\t\t\t\t<\/div>\n\t\t\t\t\t\t\t\t<\/div>\n\t\t\t\t<\/div>\n\t\t\t\t\t<\/div>\n\t\t<\/div>\n\t\t\t\t\t<\/div>\n\t\t<\/section>\n\t\t\t\t<section class=\"elementor-section elementor-top-section elementor-element elementor-element-6fe5d828 elementor-section-boxed elementor-section-height-default elementor-section-height-default\" data-id=\"6fe5d828\" data-element_type=\"section\" data-e-type=\"section\">\n\t\t\t\t\t\t<div class=\"elementor-container elementor-column-gap-default\">\n\t\t\t\t\t<div class=\"elementor-column elementor-col-100 elementor-top-column elementor-element elementor-element-638095e9\" data-id=\"638095e9\" data-element_type=\"column\" data-e-type=\"column\">\n\t\t\t<div class=\"elementor-widget-wrap elementor-element-populated\">\n\t\t\t\t\t\t<div class=\"elementor-element elementor-element-7882f197 elementor-widget elementor-widget-spacer\" data-id=\"7882f197\" data-element_type=\"widget\" data-e-type=\"widget\" data-widget_type=\"spacer.default\">\n\t\t\t\t<div class=\"elementor-widget-container\">\n\t\t\t\t\t\t\t<div class=\"elementor-spacer\">\n\t\t\t<div class=\"elementor-spacer-inner\"><\/div>\n\t\t<\/div>\n\t\t\t\t\t\t<\/div>\n\t\t\t\t<\/div>\n\t\t\t\t<div class=\"elementor-element elementor-element-6bbb0352 elementor-widget elementor-widget-heading\" data-id=\"6bbb0352\" data-element_type=\"widget\" data-e-type=\"widget\" data-widget_type=\"heading.default\">\n\t\t\t\t<div class=\"elementor-widget-container\">\n\t\t\t\t\t<h3 class=\"elementor-heading-title elementor-size-default\">bizim uygulamam\u0131z<\/h3>\t\t\t\t<\/div>\n\t\t\t\t<\/div>\n\t\t\t\t<div class=\"elementor-element elementor-element-42002b29 elementor-widget elementor-widget-gallery\" data-id=\"42002b29\" data-element_type=\"widget\" data-e-type=\"widget\" data-settings=\"{&quot;gap&quot;:{&quot;unit&quot;:&quot;px&quot;,&quot;size&quot;:0,&quot;sizes&quot;:[]},&quot;columns_mobile&quot;:2,&quot;lazyload&quot;:&quot;yes&quot;,&quot;gallery_layout&quot;:&quot;grid&quot;,&quot;columns&quot;:4,&quot;columns_tablet&quot;:2,&quot;gap_tablet&quot;:{&quot;unit&quot;:&quot;px&quot;,&quot;size&quot;:10,&quot;sizes&quot;:[]},&quot;gap_mobile&quot;:{&quot;unit&quot;:&quot;px&quot;,&quot;size&quot;:10,&quot;sizes&quot;:[]},&quot;link_to&quot;:&quot;file&quot;,&quot;aspect_ratio&quot;:&quot;3:2&quot;,&quot;content_hover_animation&quot;:&quot;fade-in&quot;}\" data-widget_type=\"gallery.default\">\n\t\t\t\t<div class=\"elementor-widget-container\">\n\t\t\t\t\t\t\t<div class=\"elementor-gallery__container\">\n\t\t\t\t\t\t\t<a class=\"e-gallery-item elementor-gallery-item elementor-animated-content\" href=\"https:\/\/www.mvz-wiesloch.de\/wp-content\/uploads\/2021\/07\/Angiologie_IK.jpg\" data-elementor-open-lightbox=\"yes\" data-elementor-lightbox-slideshow=\"42002b29\" data-elementor-lightbox-title=\"Angiologie_IK.jpg\" data-e-action-hash=\"#elementor-action%3Aaction%3Dlightbox%26settings%3DeyJpZCI6NDgxNiwidXJsIjoiaHR0cHM6XC9cL3d3dy5tdnotd2llc2xvY2guZGVcL3dwLWNvbnRlbnRcL3VwbG9hZHNcLzIwMjFcLzA3XC9Bbmdpb2xvZ2llX0lLLmpwZyIsInNsaWRlc2hvdyI6IjQyMDAyYjI5In0%3D\">\n\t\t\t\t\t<div class=\"e-gallery-image elementor-gallery-item__image\" data-thumbnail=\"https:\/\/www.mvz-wiesloch.de\/wp-content\/uploads\/2021\/07\/Angiologie_IK-1024x346.jpg\" data-width=\"1024\" data-height=\"346\" aria-label=\"\" role=\"img\" ><\/div>\n\t\t\t\t\t\t\t\t\t\t\t\t\t\t<\/a>\n\t\t\t\t\t\t\t<a class=\"e-gallery-item elementor-gallery-item elementor-animated-content\" href=\"https:\/\/www.mvz-wiesloch.de\/wp-content\/uploads\/2021\/07\/Anmeldung_Kardiologie_OG3_1_AL3I7441bearb_quadrat.jpg\" data-elementor-open-lightbox=\"yes\" data-elementor-lightbox-slideshow=\"42002b29\" data-elementor-lightbox-title=\"Anmeldung_Kardiologie_OG3_1_AL3I7441bearb_quadrat.jpg\" data-e-action-hash=\"#elementor-action%3Aaction%3Dlightbox%26settings%3DeyJpZCI6NDgxNSwidXJsIjoiaHR0cHM6XC9cL3d3dy5tdnotd2llc2xvY2guZGVcL3dwLWNvbnRlbnRcL3VwbG9hZHNcLzIwMjFcLzA3XC9Bbm1lbGR1bmdfS2FyZGlvbG9naWVfT0czXzFfQUwzSTc0NDFiZWFyYl9xdWFkcmF0LmpwZyIsInNsaWRlc2hvdyI6IjQyMDAyYjI5In0%3D\">\n\t\t\t\t\t<div class=\"e-gallery-image elementor-gallery-item__image\" data-thumbnail=\"https:\/\/www.mvz-wiesloch.de\/wp-content\/uploads\/2021\/07\/Anmeldung_Kardiologie_OG3_1_AL3I7441bearb_quadrat-1024x1024.jpg\" data-width=\"1024\" data-height=\"1024\" aria-label=\"\" role=\"img\" ><\/div>\n\t\t\t\t\t\t\t\t\t\t\t\t\t\t<\/a>\n\t\t\t\t\t\t\t<a class=\"e-gallery-item elementor-gallery-item elementor-animated-content\" href=\"https:\/\/www.mvz-wiesloch.de\/wp-content\/uploads\/2021\/07\/Ambiente_Statue_OG4_AL3I6965bearb-scaled-1.jpg\" data-elementor-open-lightbox=\"yes\" data-elementor-lightbox-slideshow=\"42002b29\" data-elementor-lightbox-title=\"Ambiente_Statue_OG4_AL3I6965bearb-scaled.jpg\" data-e-action-hash=\"#elementor-action%3Aaction%3Dlightbox%26settings%3DeyJpZCI6NDgyMSwidXJsIjoiaHR0cHM6XC9cL3d3dy5tdnotd2llc2xvY2guZGVcL3dwLWNvbnRlbnRcL3VwbG9hZHNcLzIwMjFcLzA3XC9BbWJpZW50ZV9TdGF0dWVfT0c0X0FMM0k2OTY1YmVhcmItc2NhbGVkLTEuanBnIiwic2xpZGVzaG93IjoiNDIwMDJiMjkifQ%3D%3D\">\n\t\t\t\t\t<div class=\"e-gallery-image elementor-gallery-item__image\" data-thumbnail=\"https:\/\/www.mvz-wiesloch.de\/wp-content\/uploads\/2021\/07\/Ambiente_Statue_OG4_AL3I6965bearb-scaled-1-1024x683.jpg\" data-width=\"1024\" data-height=\"683\" aria-label=\"\" role=\"img\" ><\/div>\n\t\t\t\t\t\t\t\t\t\t\t\t\t\t<\/a>\n\t\t\t\t\t\t\t<a class=\"e-gallery-item elementor-gallery-item elementor-animated-content\" href=\"https:\/\/www.mvz-wiesloch.de\/wp-content\/uploads\/2021\/07\/Anmeldung_Innere-Medizin_OG4_AL3I6750bearb2_quadrat.jpg\" data-elementor-open-lightbox=\"yes\" data-elementor-lightbox-slideshow=\"42002b29\" data-elementor-lightbox-title=\"Anmeldung_Innere-Medizin_OG4_AL3I6750bearb2_quadrat.jpg\" data-e-action-hash=\"#elementor-action%3Aaction%3Dlightbox%26settings%3DeyJpZCI6NDgxNCwidXJsIjoiaHR0cHM6XC9cL3d3dy5tdnotd2llc2xvY2guZGVcL3dwLWNvbnRlbnRcL3VwbG9hZHNcLzIwMjFcLzA3XC9Bbm1lbGR1bmdfSW5uZXJlLU1lZGl6aW5fT0c0X0FMM0k2NzUwYmVhcmIyX3F1YWRyYXQuanBnIiwic2xpZGVzaG93IjoiNDIwMDJiMjkifQ%3D%3D\">\n\t\t\t\t\t<div class=\"e-gallery-image elementor-gallery-item__image\" data-thumbnail=\"https:\/\/www.mvz-wiesloch.de\/wp-content\/uploads\/2021\/07\/Anmeldung_Innere-Medizin_OG4_AL3I6750bearb2_quadrat-1024x1024.jpg\" data-width=\"1024\" data-height=\"1024\" aria-label=\"\" role=\"img\" ><\/div>\n\t\t\t\t\t\t\t\t\t\t\t\t\t\t<\/a>\n\t\t\t\t\t\t\t<a class=\"e-gallery-item elementor-gallery-item elementor-animated-content\" href=\"https:\/\/www.mvz-wiesloch.de\/wp-content\/uploads\/2021\/07\/Team_Arzte_AL3I8812bearb-scaled-1.jpg\" data-elementor-open-lightbox=\"yes\" data-elementor-lightbox-slideshow=\"42002b29\" data-elementor-lightbox-title=\"Team_Arzte_AL3I8812bearb-scaled.jpg\" data-e-action-hash=\"#elementor-action%3Aaction%3Dlightbox%26settings%3DeyJpZCI6NDgyMywidXJsIjoiaHR0cHM6XC9cL3d3dy5tdnotd2llc2xvY2guZGVcL3dwLWNvbnRlbnRcL3VwbG9hZHNcLzIwMjFcLzA3XC9UZWFtX0FyenRlX0FMM0k4ODEyYmVhcmItc2NhbGVkLTEuanBnIiwic2xpZGVzaG93IjoiNDIwMDJiMjkifQ%3D%3D\">\n\t\t\t\t\t<div class=\"e-gallery-image elementor-gallery-item__image\" data-thumbnail=\"https:\/\/www.mvz-wiesloch.de\/wp-content\/uploads\/2021\/07\/Team_Arzte_AL3I8812bearb-scaled-1-1024x1024.jpg\" data-width=\"1024\" data-height=\"1024\" aria-label=\"\" role=\"img\" ><\/div>\n\t\t\t\t\t\t\t\t\t\t\t\t\t\t<\/a>\n\t\t\t\t\t\t\t<a class=\"e-gallery-item elementor-gallery-item elementor-animated-content\" href=\"https:\/\/www.mvz-wiesloch.de\/wp-content\/uploads\/2021\/07\/Anmeldung_Ambulanz_EG_AL3I8394bearb.jpg\" data-elementor-open-lightbox=\"yes\" data-elementor-lightbox-slideshow=\"42002b29\" data-elementor-lightbox-title=\"Anmeldung_Ambulanz_EG_AL3I8394bearb.jpg\" data-e-action-hash=\"#elementor-action%3Aaction%3Dlightbox%26settings%3DeyJpZCI6NDgxNywidXJsIjoiaHR0cHM6XC9cL3d3dy5tdnotd2llc2xvY2guZGVcL3dwLWNvbnRlbnRcL3VwbG9hZHNcLzIwMjFcLzA3XC9Bbm1lbGR1bmdfQW1idWxhbnpfRUdfQUwzSTgzOTRiZWFyYi5qcGciLCJzbGlkZXNob3ciOiI0MjAwMmIyOSJ9\">\n\t\t\t\t\t<div class=\"e-gallery-image elementor-gallery-item__image\" data-thumbnail=\"https:\/\/www.mvz-wiesloch.de\/wp-content\/uploads\/2021\/07\/Anmeldung_Ambulanz_EG_AL3I8394bearb-1024x1024.jpg\" data-width=\"1024\" data-height=\"1024\" aria-label=\"\" role=\"img\" ><\/div>\n\t\t\t\t\t\t\t\t\t\t\t\t\t\t<\/a>\n\t\t\t\t\t\t\t<a class=\"e-gallery-item elementor-gallery-item elementor-animated-content\" href=\"https:\/\/www.mvz-wiesloch.de\/wp-content\/uploads\/2021\/07\/Ambiente_Sprechzimmer_OG4_AL3I7008bearb_quadrat.jpg\" data-elementor-open-lightbox=\"yes\" data-elementor-lightbox-slideshow=\"42002b29\" data-elementor-lightbox-title=\"Ambiente_Sprechzimmer_OG4_AL3I7008bearb_quadrat.jpg\" data-e-action-hash=\"#elementor-action%3Aaction%3Dlightbox%26settings%3DeyJpZCI6NDgyMiwidXJsIjoiaHR0cHM6XC9cL3d3dy5tdnotd2llc2xvY2guZGVcL3dwLWNvbnRlbnRcL3VwbG9hZHNcLzIwMjFcLzA3XC9BbWJpZW50ZV9TcHJlY2h6aW1tZXJfT0c0X0FMM0k3MDA4YmVhcmJfcXVhZHJhdC5qcGciLCJzbGlkZXNob3ciOiI0MjAwMmIyOSJ9\">\n\t\t\t\t\t<div class=\"e-gallery-image elementor-gallery-item__image\" data-thumbnail=\"https:\/\/www.mvz-wiesloch.de\/wp-content\/uploads\/2021\/07\/Ambiente_Sprechzimmer_OG4_AL3I7008bearb_quadrat-1024x1024.jpg\" data-width=\"1024\" data-height=\"1024\" aria-label=\"\" role=\"img\" ><\/div>\n\t\t\t\t\t\t\t\t\t\t\t\t\t\t<\/a>\n\t\t\t\t\t<\/div>\n\t\t\t\t\t<\/div>\n\t\t\t\t<\/div>\n\t\t\t\t\t<\/div>\n\t\t<\/div>\n\t\t\t\t\t<\/div>\n\t\t<\/section>\n\t\t\t\t<\/div>\n\t\t","protected":false},"excerpt":{"rendered":"<p>Dr Pieter Beks, MD Ortopedi uzman\u0131 biyografi Bel\u00e7ika, Leuven \u00dcniversitesi&#8217;nde insan t\u0131bb\u0131 e\u011fitimi Leuven \u00dcniversitesi&#8217;nde devlet s\u0131nav\u0131 ve doktora Nordwestkrankenhaus Frankfurt am Main&#8217;de cerrahi klinik staj\u0131 Dr. Horst Cotta ile Heidelberg Ortopedi \u00dcniversite Hastanesi&#8217;nde ortopedi uzmanl\u0131\u011f\u0131 e\u011fitimi Uzmanl\u0131k yeterlili\u011fi: Ortopedi (1991) Dres muayenehanesinin kurucu orta\u011f\u0131. Arza \/ Beks Heidelberg Atos Klini\u011finde Dres muayenehanesinin kurucu orta\u011f\u0131. [&hellip;]<\/p>\n","protected":false},"author":1,"featured_media":0,"parent":0,"menu_order":0,"comment_status":"closed","ping_status":"closed","template":"elementor_header_footer","meta":{"inline_featured_image":false,"site-sidebar-layout":"no-sidebar","site-content-layout":"page-builder","ast-site-content-layout":"default","site-content-style":"default","site-sidebar-style":"default","ast-global-header-display":"","ast-banner-title-visibility":"","ast-main-header-display":"","ast-hfb-above-header-display":"","ast-hfb-below-header-display":"","ast-hfb-mobile-header-display":"","site-post-title":"disabled","ast-breadcrumbs-content":"","ast-featured-img":"disabled","footer-sml-layout":"","ast-disable-related-posts":"","theme-transparent-header-meta":"default","adv-header-id-meta":"","stick-header-meta":"","header-above-stick-meta":"","header-main-stick-meta":"","header-below-stick-meta":"","astra-migrate-meta-layouts":"default","ast-page-background-enabled":"default","ast-page-background-meta":{"desktop":{"background-color":"","background-image":"","background-repeat":"repeat","background-position":"center center","background-size":"auto","background-attachment":"scroll","background-type":"","background-media":"","overlay-type":"","overlay-color":"","overlay-opacity":"","overlay-gradient":""},"tablet":{"background-color":"","background-image":"","background-repeat":"repeat","background-position":"center center","background-size":"auto","background-attachment":"scroll","background-type":"","background-media":"","overlay-type":"","overlay-color":"","overlay-opacity":"","overlay-gradient":""},"mobile":{"background-color":"","background-image":"","background-repeat":"repeat","background-position":"center center","background-size":"auto","background-attachment":"scroll","background-type":"","background-media":"","overlay-type":"","overlay-color":"","overlay-opacity":"","overlay-gradient":""}},"ast-content-background-meta":{"desktop":{"background-color":"var(--ast-global-color-5)","background-image":"","background-repeat":"repeat","background-position":"center center","background-size":"auto","background-attachment":"scroll","background-type":"","background-media":"","overlay-type":"","overlay-color":"","overlay-opacity":"","overlay-gradient":""},"tablet":{"background-color":"var(--ast-global-color-5)","background-image":"","background-repeat":"repeat","background-position":"center center","background-size":"auto","background-attachment":"scroll","background-type":"","background-media":"","overlay-type":"","overlay-color":"","overlay-opacity":"","overlay-gradient":""},"mobile":{"background-color":"var(--ast-global-color-5)","background-image":"","background-repeat":"repeat","background-position":"center center","background-size":"auto","background-attachment":"scroll","background-type":"","background-media":"","overlay-type":"","overlay-color":"","overlay-opacity":"","overlay-gradient":""}},"footnotes":""},"class_list":["post-11538","page","type-page","status-publish","hentry"],"_links":{"self":[{"href":"https:\/\/www.mvz-wiesloch.de\/tr\/wp-json\/wp\/v2\/pages\/11538","targetHints":{"allow":["GET"]}}],"collection":[{"href":"https:\/\/www.mvz-wiesloch.de\/tr\/wp-json\/wp\/v2\/pages"}],"about":[{"href":"https:\/\/www.mvz-wiesloch.de\/tr\/wp-json\/wp\/v2\/types\/page"}],"author":[{"embeddable":true,"href":"https:\/\/www.mvz-wiesloch.de\/tr\/wp-json\/wp\/v2\/users\/1"}],"replies":[{"embeddable":true,"href":"https:\/\/www.mvz-wiesloch.de\/tr\/wp-json\/wp\/v2\/comments?post=11538"}],"version-history":[{"count":0,"href":"https:\/\/www.mvz-wiesloch.de\/tr\/wp-json\/wp\/v2\/pages\/11538\/revisions"}],"wp:attachment":[{"href":"https:\/\/www.mvz-wiesloch.de\/tr\/wp-json\/wp\/v2\/media?parent=11538"}],"curies":[{"name":"wp","href":"https:\/\/api.w.org\/{rel}","templated":true}]}}